{"id":7776,"date":"2023-07-29T01:05:08","date_gmt":"2023-07-29T01:05:08","guid":{"rendered":"https:\/\/unpasverssoi.ca\/fr\/?page_id=7776"},"modified":"2025-07-14T13:57:16","modified_gmt":"2025-07-14T13:57:16","slug":"jeancharles-concas","status":"publish","type":"page","link":"http:\/\/unpasverssoi.ca\/fr\/jeancharles-concas\/","title":{"rendered":"Jean-Charles Concas"},"content":{"rendered":"\n<h1 class=\"wp-block-heading has-text-align-center\">Jean-Charles Concas<\/h1>\n\n\n\n<p class=\"has-text-align-center\">Naturopathe<\/p>\n\n\n\n<p>Jean-Charles est un naturopathe agr\u00e9\u00e9 avec une passion pour la sant\u00e9 holistique et la nutrition v\u00e9g\u00e9tale.&nbsp;&nbsp;Il a d\u00e9m\u00e9nag\u00e9 au Qu\u00e9bec et suite \u00e0 des probl\u00e8mes de sant\u00e9, il s\u2019est passionn\u00e9 pour la nutrition v\u00e9g\u00e9tale et a assist\u00e9 aux conf\u00e9rences de plusieurs m\u00e9decins am\u00e9ricains sp\u00e9cialis\u00e9s dans ce domaine.&nbsp;Il a alors d\u00e9cid\u00e9 de reprendre des \u00e9tudes en naturopathie et d\u2019\u00eatre d\u00e9sormais naturopathe dipl\u00f4m\u00e9 de l\u2019\u00c9cole d\u2019Enseignement Sup\u00e9rieur de Naturopathie du Qu\u00e9bec.(EESNQ).&nbsp;&nbsp;Il est membre de l\u2019Association des Naturopathes Agr\u00e9\u00e9s du Qu\u00e9bec (ANAQ).&nbsp;&nbsp;Il suit actuellement des \u00e9tudes en vue de devenir Docteur en Naturopathie avec plus de 4500h de formation.<\/p>\n\n\n\n<p>Il est aussi&nbsp;:&nbsp;<\/p>\n\n\n\n<ul class=\"wp-block-list\">\n<li>Formateur pour diff\u00e9rentes compagnies de suppl\u00e9ments naturels;<\/li>\n\n\n\n<li>Professeur en \u00e9cole de naturopathie;<\/li>\n\n\n\n<li>Conf\u00e9rencier dans le domaine de la nutrition (di\u00e8te vegan, c\u00e9tog\u00e8ne, pal\u00e9o, je\u00fbne\u2026)<\/li>\n\n\n\n<li>Conf\u00e9rencier sur le microbiote intestinal et buccal;<\/li>\n\n\n\n<li>Formulateur de suppl\u00e9ments;<\/li>\n<\/ul>\n\n\n\n<p>Ce passionn\u00e9 par son domaine est d\u00e9termin\u00e9 \u00e0 partager ses connaissances pour aider les autres \u00e0 atteindre leur plein potentiel de sant\u00e9.\u00a0<\/p>\n\n\n\n<p><\/p>\n\n\n\n<p><strong>Prix d\u2019une s\u00e9ance<\/strong><\/p>\n\n\n\n<p>1er Rendez-vous : Bilan naturopathique (1h30) = 150$ +taxes<\/p>\n\n\n\n<p>Rendez-vous suivant : Suivi naturopathique (1h) = 120$ +taxes<\/p>\n\n\n\n<p><strong>Politiques d\u2019annulation de rendez-vous<\/strong> : Nous demandons un avis de 24 heures lorsque vous d\u00e9sirez annuler ou reporter un rendez-vous pour un traitement en ost\u00e9opathie. Les frais du traitement vous seront factur\u00e9s lorsque le d\u00e9lai n\u2019est pas respect\u00e9. \u00a0Nous vous remercions de votre compr\u00e9hension et de votre collaboration au bon fonctionnement de la clinique.<\/p>\n\n\n<div class=\"wp-block-image\">\n<figure class=\"aligncenter size-full is-resized\"><img loading=\"lazy\" decoding=\"async\" width=\"2560\" height=\"2560\" src=\"https:\/\/unpasverssoi.ca\/fr\/wp-content\/uploads\/2023\/09\/10-JC_Concas_ANAQ1004-square-scaled.jpg\" alt=\"\" class=\"wp-image-7778\" style=\"object-fit:cover;width:584px;height:689px\" srcset=\"http:\/\/unpasverssoi.ca\/fr\/wp-content\/uploads\/2023\/09\/10-JC_Concas_ANAQ1004-square-scaled.jpg 2560w, http:\/\/unpasverssoi.ca\/fr\/wp-content\/uploads\/2023\/09\/10-JC_Concas_ANAQ1004-square-300x300.jpg 300w, http:\/\/unpasverssoi.ca\/fr\/wp-content\/uploads\/2023\/09\/10-JC_Concas_ANAQ1004-square-1024x1024.jpg 1024w, http:\/\/unpasverssoi.ca\/fr\/wp-content\/uploads\/2023\/09\/10-JC_Concas_ANAQ1004-square-150x150.jpg 150w, http:\/\/unpasverssoi.ca\/fr\/wp-content\/uploads\/2023\/09\/10-JC_Concas_ANAQ1004-square-768x768.jpg 768w, http:\/\/unpasverssoi.ca\/fr\/wp-content\/uploads\/2023\/09\/10-JC_Concas_ANAQ1004-square-1536x1536.jpg 1536w, http:\/\/unpasverssoi.ca\/fr\/wp-content\/uploads\/2023\/09\/10-JC_Concas_ANAQ1004-square-2048x2048.jpg 2048w, http:\/\/unpasverssoi.ca\/fr\/wp-content\/uploads\/2023\/09\/10-JC_Concas_ANAQ1004-square-100x100.jpg 100w\" sizes=\"auto, (max-width: 767px) 89vw, (max-width: 1000px) 54vw, (max-width: 1071px) 543px, 580px\" \/><\/figure>\n<\/div>\n\n\n<p class=\"has-text-align-center\"><a class=\"maxbutton-64 maxbutton maxbutton-prendre-rendez-vous-clinique\" target=\"_blank\" rel=\"noopener\" href=\"https:\/\/www.gorendezvous.com\/cliniqueunpasverssoi\"><span class='mb-text'>Prendre rendez-vous - clinique<\/span><\/a><\/p>\n\n\n\n<p class=\"has-text-align-center\"><\/p>\n","protected":false},"excerpt":{"rendered":"<p>Jean-Charles Concas Naturopathe Jean-Charles est un naturopathe agr\u00e9\u00e9 avec une passion pour la sant\u00e9 holistique et la nutrition v\u00e9g\u00e9tale.&nbsp;&nbsp;Il a d\u00e9m\u00e9nag\u00e9 au Qu\u00e9bec et suite \u00e0 des probl\u00e8mes de sant\u00e9, il s\u2019est passionn\u00e9 pour la nutrition v\u00e9g\u00e9tale et a assist\u00e9 aux conf\u00e9rences de plusieurs m\u00e9decins am\u00e9ricains sp\u00e9cialis\u00e9s dans ce domaine.&nbsp;Il a alors d\u00e9cid\u00e9 de reprendre &hellip; <\/p>\n<p class=\"link-more\"><a href=\"http:\/\/unpasverssoi.ca\/fr\/jeancharles-concas\/\" class=\"more-link\">Continue reading<span class=\"screen-reader-text\"> &#8220;Jean-Charles Concas&#8221;<\/span><\/a><\/p>\n","protected":false},"author":4,"featured_media":0,"parent":0,"menu_order":0,"comment_status":"closed","ping_status":"closed","template":"","meta":{"_exactmetrics_skip_tracking":false,"_exactmetrics_sitenote_active":false,"_exactmetrics_sitenote_note":"","_exactmetrics_sitenote_category":0,"footnotes":""},"class_list":["post-7776","page","type-page","status-publish","hentry"],"yoast_head":"<!-- This site is optimized with the Yoast SEO plugin v27.5 - https:\/\/yoast.com\/product\/yoast-seo-wordpress\/ -->\n<title>Jean-Charles Concas - Un pas vers Soi<\/title>\n<meta name=\"robots\" content=\"index, follow, max-snippet:-1, max-image-preview:large, max-video-preview:-1\" \/>\n<link rel=\"canonical\" href=\"https:\/\/unpasverssoi.ca\/fr\/jeancharles-concas\/\" \/>\n<meta property=\"og:locale\" content=\"en_US\" \/>\n<meta property=\"og:type\" content=\"article\" \/>\n<meta property=\"og:title\" content=\"Jean-Charles Concas - Un pas vers Soi\" \/>\n<meta property=\"og:description\" content=\"Jean-Charles Concas Naturopathe Jean-Charles est un naturopathe agr\u00e9\u00e9 avec une passion pour la sant\u00e9 holistique et la nutrition v\u00e9g\u00e9tale.&nbsp;&nbsp;Il a d\u00e9m\u00e9nag\u00e9 au Qu\u00e9bec et suite \u00e0 des probl\u00e8mes de sant\u00e9, il s\u2019est passionn\u00e9 pour la nutrition v\u00e9g\u00e9tale et a assist\u00e9 aux conf\u00e9rences de plusieurs m\u00e9decins am\u00e9ricains sp\u00e9cialis\u00e9s dans ce domaine.&nbsp;Il a alors d\u00e9cid\u00e9 de reprendre &hellip; Continue reading &quot;Jean-Charles Concas&quot;\" \/>\n<meta property=\"og:url\" content=\"https:\/\/unpasverssoi.ca\/fr\/jeancharles-concas\/\" \/>\n<meta property=\"og:site_name\" content=\"Un pas vers Soi\" \/>\n<meta property=\"article:publisher\" content=\"https:\/\/www.facebook.com\/Un-pas-vers-Soi-359895390747566\/\" \/>\n<meta property=\"article:modified_time\" content=\"2025-07-14T13:57:16+00:00\" \/>\n<meta property=\"og:image\" content=\"https:\/\/unpasverssoi.ca\/fr\/wp-content\/uploads\/2023\/09\/10-JC_Concas_ANAQ1004-square-scaled.jpg\" \/>\n<meta name=\"twitter:card\" content=\"summary_large_image\" \/>\n<meta name=\"twitter:label1\" content=\"Est. reading time\" \/>\n\t<meta name=\"twitter:data1\" content=\"2 minutes\" \/>\n<script type=\"application\/ld+json\" class=\"yoast-schema-graph\">{\"@context\":\"https:\\\/\\\/schema.org\",\"@graph\":[{\"@type\":\"WebPage\",\"@id\":\"https:\\\/\\\/unpasverssoi.ca\\\/fr\\\/jeancharles-concas\\\/\",\"url\":\"https:\\\/\\\/unpasverssoi.ca\\\/fr\\\/jeancharles-concas\\\/\",\"name\":\"Jean-Charles Concas - Un pas vers Soi\",\"isPartOf\":{\"@id\":\"https:\\\/\\\/unpasverssoi.ca\\\/fr\\\/#website\"},\"primaryImageOfPage\":{\"@id\":\"https:\\\/\\\/unpasverssoi.ca\\\/fr\\\/jeancharles-concas\\\/#primaryimage\"},\"image\":{\"@id\":\"https:\\\/\\\/unpasverssoi.ca\\\/fr\\\/jeancharles-concas\\\/#primaryimage\"},\"thumbnailUrl\":\"https:\\\/\\\/unpasverssoi.ca\\\/fr\\\/wp-content\\\/uploads\\\/2023\\\/09\\\/10-JC_Concas_ANAQ1004-square-scaled.jpg\",\"datePublished\":\"2023-07-29T01:05:08+00:00\",\"dateModified\":\"2025-07-14T13:57:16+00:00\",\"breadcrumb\":{\"@id\":\"https:\\\/\\\/unpasverssoi.ca\\\/fr\\\/jeancharles-concas\\\/#breadcrumb\"},\"inLanguage\":\"en-US\",\"potentialAction\":[{\"@type\":\"ReadAction\",\"target\":[\"https:\\\/\\\/unpasverssoi.ca\\\/fr\\\/jeancharles-concas\\\/\"]}]},{\"@type\":\"ImageObject\",\"inLanguage\":\"en-US\",\"@id\":\"https:\\\/\\\/unpasverssoi.ca\\\/fr\\\/jeancharles-concas\\\/#primaryimage\",\"url\":\"https:\\\/\\\/unpasverssoi.ca\\\/fr\\\/wp-content\\\/uploads\\\/2023\\\/09\\\/10-JC_Concas_ANAQ1004-square-scaled.jpg\",\"contentUrl\":\"https:\\\/\\\/unpasverssoi.ca\\\/fr\\\/wp-content\\\/uploads\\\/2023\\\/09\\\/10-JC_Concas_ANAQ1004-square-scaled.jpg\"},{\"@type\":\"BreadcrumbList\",\"@id\":\"https:\\\/\\\/unpasverssoi.ca\\\/fr\\\/jeancharles-concas\\\/#breadcrumb\",\"itemListElement\":[{\"@type\":\"ListItem\",\"position\":1,\"name\":\"Accueil\",\"item\":\"https:\\\/\\\/unpasverssoi.ca\\\/fr\\\/\"},{\"@type\":\"ListItem\",\"position\":2,\"name\":\"Jean-Charles Concas\"}]},{\"@type\":\"WebSite\",\"@id\":\"https:\\\/\\\/unpasverssoi.ca\\\/fr\\\/#website\",\"url\":\"https:\\\/\\\/unpasverssoi.ca\\\/fr\\\/\",\"name\":\"Un pas vers Soi\",\"description\":\"\",\"publisher\":{\"@id\":\"https:\\\/\\\/unpasverssoi.ca\\\/fr\\\/#organization\"},\"potentialAction\":[{\"@type\":\"SearchAction\",\"target\":{\"@type\":\"EntryPoint\",\"urlTemplate\":\"https:\\\/\\\/unpasverssoi.ca\\\/fr\\\/?s={search_term_string}\"},\"query-input\":{\"@type\":\"PropertyValueSpecification\",\"valueRequired\":true,\"valueName\":\"search_term_string\"}}],\"inLanguage\":\"en-US\"},{\"@type\":\"Organization\",\"@id\":\"https:\\\/\\\/unpasverssoi.ca\\\/fr\\\/#organization\",\"name\":\"Un pas vers Soi\",\"url\":\"https:\\\/\\\/unpasverssoi.ca\\\/fr\\\/\",\"logo\":{\"@type\":\"ImageObject\",\"inLanguage\":\"en-US\",\"@id\":\"https:\\\/\\\/unpasverssoi.ca\\\/fr\\\/#\\\/schema\\\/logo\\\/image\\\/\",\"url\":\"http:\\\/\\\/unpasverssoi.ca\\\/fr\\\/wp-content\\\/uploads\\\/2023\\\/07\\\/cropped-cropped-UN-PAS-VERS-SOI_DEUX-LIGNES-ICONE.png\",\"contentUrl\":\"http:\\\/\\\/unpasverssoi.ca\\\/fr\\\/wp-content\\\/uploads\\\/2023\\\/07\\\/cropped-cropped-UN-PAS-VERS-SOI_DEUX-LIGNES-ICONE.png\",\"width\":215,\"height\":250,\"caption\":\"Un pas vers Soi\"},\"image\":{\"@id\":\"https:\\\/\\\/unpasverssoi.ca\\\/fr\\\/#\\\/schema\\\/logo\\\/image\\\/\"},\"sameAs\":[\"https:\\\/\\\/www.facebook.com\\\/Un-pas-vers-Soi-359895390747566\\\/\",\"https:\\\/\\\/www.instagram.com\\\/unpasverssoi.centre\\\/\"]}]}<\/script>\n<!-- \/ Yoast SEO plugin. -->","yoast_head_json":{"title":"Jean-Charles Concas - Un pas vers Soi","robots":{"index":"index","follow":"follow","max-snippet":"max-snippet:-1","max-image-preview":"max-image-preview:large","max-video-preview":"max-video-preview:-1"},"canonical":"https:\/\/unpasverssoi.ca\/fr\/jeancharles-concas\/","og_locale":"en_US","og_type":"article","og_title":"Jean-Charles Concas - Un pas vers Soi","og_description":"Jean-Charles Concas Naturopathe Jean-Charles est un naturopathe agr\u00e9\u00e9 avec une passion pour la sant\u00e9 holistique et la nutrition v\u00e9g\u00e9tale.&nbsp;&nbsp;Il a d\u00e9m\u00e9nag\u00e9 au Qu\u00e9bec et suite \u00e0 des probl\u00e8mes de sant\u00e9, il s\u2019est passionn\u00e9 pour la nutrition v\u00e9g\u00e9tale et a assist\u00e9 aux conf\u00e9rences de plusieurs m\u00e9decins am\u00e9ricains sp\u00e9cialis\u00e9s dans ce domaine.&nbsp;Il a alors d\u00e9cid\u00e9 de reprendre &hellip; Continue reading \"Jean-Charles Concas\"","og_url":"https:\/\/unpasverssoi.ca\/fr\/jeancharles-concas\/","og_site_name":"Un pas vers Soi","article_publisher":"https:\/\/www.facebook.com\/Un-pas-vers-Soi-359895390747566\/","article_modified_time":"2025-07-14T13:57:16+00:00","og_image":[{"url":"https:\/\/unpasverssoi.ca\/fr\/wp-content\/uploads\/2023\/09\/10-JC_Concas_ANAQ1004-square-scaled.jpg","type":"","width":"","height":""}],"twitter_card":"summary_large_image","twitter_misc":{"Est. reading time":"2 minutes"},"schema":{"@context":"https:\/\/schema.org","@graph":[{"@type":"WebPage","@id":"https:\/\/unpasverssoi.ca\/fr\/jeancharles-concas\/","url":"https:\/\/unpasverssoi.ca\/fr\/jeancharles-concas\/","name":"Jean-Charles Concas - Un pas vers Soi","isPartOf":{"@id":"https:\/\/unpasverssoi.ca\/fr\/#website"},"primaryImageOfPage":{"@id":"https:\/\/unpasverssoi.ca\/fr\/jeancharles-concas\/#primaryimage"},"image":{"@id":"https:\/\/unpasverssoi.ca\/fr\/jeancharles-concas\/#primaryimage"},"thumbnailUrl":"https:\/\/unpasverssoi.ca\/fr\/wp-content\/uploads\/2023\/09\/10-JC_Concas_ANAQ1004-square-scaled.jpg","datePublished":"2023-07-29T01:05:08+00:00","dateModified":"2025-07-14T13:57:16+00:00","breadcrumb":{"@id":"https:\/\/unpasverssoi.ca\/fr\/jeancharles-concas\/#breadcrumb"},"inLanguage":"en-US","potentialAction":[{"@type":"ReadAction","target":["https:\/\/unpasverssoi.ca\/fr\/jeancharles-concas\/"]}]},{"@type":"ImageObject","inLanguage":"en-US","@id":"https:\/\/unpasverssoi.ca\/fr\/jeancharles-concas\/#primaryimage","url":"https:\/\/unpasverssoi.ca\/fr\/wp-content\/uploads\/2023\/09\/10-JC_Concas_ANAQ1004-square-scaled.jpg","contentUrl":"https:\/\/unpasverssoi.ca\/fr\/wp-content\/uploads\/2023\/09\/10-JC_Concas_ANAQ1004-square-scaled.jpg"},{"@type":"BreadcrumbList","@id":"https:\/\/unpasverssoi.ca\/fr\/jeancharles-concas\/#breadcrumb","itemListElement":[{"@type":"ListItem","position":1,"name":"Accueil","item":"https:\/\/unpasverssoi.ca\/fr\/"},{"@type":"ListItem","position":2,"name":"Jean-Charles Concas"}]},{"@type":"WebSite","@id":"https:\/\/unpasverssoi.ca\/fr\/#website","url":"https:\/\/unpasverssoi.ca\/fr\/","name":"Un pas vers Soi","description":"","publisher":{"@id":"https:\/\/unpasverssoi.ca\/fr\/#organization"},"potentialAction":[{"@type":"SearchAction","target":{"@type":"EntryPoint","urlTemplate":"https:\/\/unpasverssoi.ca\/fr\/?s={search_term_string}"},"query-input":{"@type":"PropertyValueSpecification","valueRequired":true,"valueName":"search_term_string"}}],"inLanguage":"en-US"},{"@type":"Organization","@id":"https:\/\/unpasverssoi.ca\/fr\/#organization","name":"Un pas vers Soi","url":"https:\/\/unpasverssoi.ca\/fr\/","logo":{"@type":"ImageObject","inLanguage":"en-US","@id":"https:\/\/unpasverssoi.ca\/fr\/#\/schema\/logo\/image\/","url":"http:\/\/unpasverssoi.ca\/fr\/wp-content\/uploads\/2023\/07\/cropped-cropped-UN-PAS-VERS-SOI_DEUX-LIGNES-ICONE.png","contentUrl":"http:\/\/unpasverssoi.ca\/fr\/wp-content\/uploads\/2023\/07\/cropped-cropped-UN-PAS-VERS-SOI_DEUX-LIGNES-ICONE.png","width":215,"height":250,"caption":"Un pas vers Soi"},"image":{"@id":"https:\/\/unpasverssoi.ca\/fr\/#\/schema\/logo\/image\/"},"sameAs":["https:\/\/www.facebook.com\/Un-pas-vers-Soi-359895390747566\/","https:\/\/www.instagram.com\/unpasverssoi.centre\/"]}]}},"_links":{"self":[{"href":"http:\/\/unpasverssoi.ca\/fr\/wp-json\/wp\/v2\/pages\/7776","targetHints":{"allow":["GET"]}}],"collection":[{"href":"http:\/\/unpasverssoi.ca\/fr\/wp-json\/wp\/v2\/pages"}],"about":[{"href":"http:\/\/unpasverssoi.ca\/fr\/wp-json\/wp\/v2\/types\/page"}],"author":[{"embeddable":true,"href":"http:\/\/unpasverssoi.ca\/fr\/wp-json\/wp\/v2\/users\/4"}],"replies":[{"embeddable":true,"href":"http:\/\/unpasverssoi.ca\/fr\/wp-json\/wp\/v2\/comments?post=7776"}],"version-history":[{"count":7,"href":"http:\/\/unpasverssoi.ca\/fr\/wp-json\/wp\/v2\/pages\/7776\/revisions"}],"predecessor-version":[{"id":8619,"href":"http:\/\/unpasverssoi.ca\/fr\/wp-json\/wp\/v2\/pages\/7776\/revisions\/8619"}],"wp:attachment":[{"href":"http:\/\/unpasverssoi.ca\/fr\/wp-json\/wp\/v2\/media?parent=7776"}],"curies":[{"name":"wp","href":"https:\/\/api.w.org\/{rel}","templated":true}]}}