{"id":7787,"date":"2023-09-26T19:35:16","date_gmt":"2023-09-26T19:35:16","guid":{"rendered":"https:\/\/unpasverssoi.ca\/fr\/?page_id=7787"},"modified":"2026-01-16T00:45:10","modified_gmt":"2026-01-16T00:45:10","slug":"description-des-cours-2-2","status":"publish","type":"page","link":"http:\/\/unpasverssoi.ca\/fr\/description-des-cours-2-2\/","title":{"rendered":"Description des cours"},"content":{"rendered":"\n<h1 class=\"wp-block-heading has-text-align-center\">Description des cours<\/h1>\n\n\n<div class=\"wp-block-image\">\n<figure class=\"alignleft size-large is-resized\"><a href=\"https:\/\/unpasverssoi.ca\/fr\/yoga\/\"><img loading=\"lazy\" decoding=\"async\" width=\"1024\" height=\"1024\" src=\"https:\/\/unpasverssoi.ca\/fr\/wp-content\/uploads\/2023\/09\/yoga-1024x1024.jpg\" alt=\"\" class=\"wp-image-7873\" style=\"object-fit:cover;width:200px;height:200px\" title=\"\" srcset=\"http:\/\/unpasverssoi.ca\/fr\/wp-content\/uploads\/2023\/09\/yoga-1024x1024.jpg 1024w, http:\/\/unpasverssoi.ca\/fr\/wp-content\/uploads\/2023\/09\/yoga-300x300.jpg 300w, http:\/\/unpasverssoi.ca\/fr\/wp-content\/uploads\/2023\/09\/yoga-150x150.jpg 150w, http:\/\/unpasverssoi.ca\/fr\/wp-content\/uploads\/2023\/09\/yoga-768x768.jpg 768w, http:\/\/unpasverssoi.ca\/fr\/wp-content\/uploads\/2023\/09\/yoga-100x100.jpg 100w, http:\/\/unpasverssoi.ca\/fr\/wp-content\/uploads\/2023\/09\/yoga.jpg 1080w\" sizes=\"auto, (max-width: 767px) 89vw, (max-width: 1000px) 54vw, (max-width: 1071px) 543px, 580px\" \/><\/a><figcaption class=\"wp-element-caption\">YOGA<\/figcaption><\/figure>\n<\/div>\n\n<div class=\"wp-block-image\">\n<figure class=\"alignleft size-large is-resized\"><a href=\"https:\/\/unpasverssoi.ca\/fr\/pilates\/\"><img loading=\"lazy\" decoding=\"async\" width=\"1024\" height=\"1024\" src=\"https:\/\/unpasverssoi.ca\/fr\/wp-content\/uploads\/2023\/09\/pilates-1024x1024.jpg\" alt=\"\" class=\"wp-image-7874\" style=\"object-fit:cover;width:200px;height:200px\" title=\"\" srcset=\"http:\/\/unpasverssoi.ca\/fr\/wp-content\/uploads\/2023\/09\/pilates-1024x1024.jpg 1024w, http:\/\/unpasverssoi.ca\/fr\/wp-content\/uploads\/2023\/09\/pilates-300x300.jpg 300w, http:\/\/unpasverssoi.ca\/fr\/wp-content\/uploads\/2023\/09\/pilates-150x150.jpg 150w, http:\/\/unpasverssoi.ca\/fr\/wp-content\/uploads\/2023\/09\/pilates-768x768.jpg 768w, http:\/\/unpasverssoi.ca\/fr\/wp-content\/uploads\/2023\/09\/pilates-100x100.jpg 100w, http:\/\/unpasverssoi.ca\/fr\/wp-content\/uploads\/2023\/09\/pilates.jpg 1080w\" sizes=\"auto, (max-width: 767px) 89vw, (max-width: 1000px) 54vw, (max-width: 1071px) 543px, 580px\" \/><\/a><figcaption class=\"wp-element-caption\">PILATES<\/figcaption><\/figure>\n<\/div>\n\n<div class=\"wp-block-image\">\n<figure class=\"alignleft size-large is-resized\"><a href=\"https:\/\/unpasverssoi.ca\/fr\/qi-gong\/\"><img loading=\"lazy\" decoding=\"async\" width=\"1024\" height=\"1024\" src=\"https:\/\/unpasverssoi.ca\/fr\/wp-content\/uploads\/2023\/09\/qi-gong-1024x1024.jpg\" alt=\"\" class=\"wp-image-7875\" style=\"object-fit:cover;width:200px;height:200px\" title=\"\" srcset=\"http:\/\/unpasverssoi.ca\/fr\/wp-content\/uploads\/2023\/09\/qi-gong-1024x1024.jpg 1024w, http:\/\/unpasverssoi.ca\/fr\/wp-content\/uploads\/2023\/09\/qi-gong-300x300.jpg 300w, http:\/\/unpasverssoi.ca\/fr\/wp-content\/uploads\/2023\/09\/qi-gong-150x150.jpg 150w, http:\/\/unpasverssoi.ca\/fr\/wp-content\/uploads\/2023\/09\/qi-gong-768x768.jpg 768w, http:\/\/unpasverssoi.ca\/fr\/wp-content\/uploads\/2023\/09\/qi-gong-100x100.jpg 100w, http:\/\/unpasverssoi.ca\/fr\/wp-content\/uploads\/2023\/09\/qi-gong.jpg 1080w\" sizes=\"auto, (max-width: 767px) 89vw, (max-width: 1000px) 54vw, (max-width: 1071px) 543px, 580px\" \/><\/a><figcaption class=\"wp-element-caption\">QI GONG<\/figcaption><\/figure>\n<\/div>\n\n<div class=\"wp-block-image\">\n<figure class=\"alignleft size-large is-resized\"><a href=\"https:\/\/unpasverssoi.ca\/fr\/essentrics\/\"><img loading=\"lazy\" decoding=\"async\" width=\"1024\" height=\"1024\" src=\"https:\/\/unpasverssoi.ca\/fr\/wp-content\/uploads\/2023\/09\/Essentrics-1024x1024.jpg\" alt=\"\" class=\"wp-image-7878\" style=\"object-fit:cover;width:200px;height:200px\" title=\"\" srcset=\"http:\/\/unpasverssoi.ca\/fr\/wp-content\/uploads\/2023\/09\/Essentrics-1024x1024.jpg 1024w, http:\/\/unpasverssoi.ca\/fr\/wp-content\/uploads\/2023\/09\/Essentrics-300x300.jpg 300w, http:\/\/unpasverssoi.ca\/fr\/wp-content\/uploads\/2023\/09\/Essentrics-150x150.jpg 150w, http:\/\/unpasverssoi.ca\/fr\/wp-content\/uploads\/2023\/09\/Essentrics-768x768.jpg 768w, http:\/\/unpasverssoi.ca\/fr\/wp-content\/uploads\/2023\/09\/Essentrics-100x100.jpg 100w, http:\/\/unpasverssoi.ca\/fr\/wp-content\/uploads\/2023\/09\/Essentrics.jpg 1080w\" sizes=\"auto, (max-width: 767px) 89vw, (max-width: 1000px) 54vw, (max-width: 1071px) 543px, 580px\" \/><\/a><figcaption class=\"wp-element-caption\">ESSENTRICS<\/figcaption><\/figure>\n<\/div>\n\n<div class=\"wp-block-image\">\n<figure class=\"alignleft size-large is-resized\"><a href=\"https:\/\/unpasverssoi.ca\/fr\/stretching\/\"><img loading=\"lazy\" decoding=\"async\" width=\"1024\" height=\"1024\" src=\"https:\/\/unpasverssoi.ca\/fr\/wp-content\/uploads\/2023\/09\/Stretching-1024x1024.jpg\" alt=\"\" class=\"wp-image-7880\" style=\"object-fit:cover;width:200px;height:200px\" title=\"\" srcset=\"http:\/\/unpasverssoi.ca\/fr\/wp-content\/uploads\/2023\/09\/Stretching-1024x1024.jpg 1024w, http:\/\/unpasverssoi.ca\/fr\/wp-content\/uploads\/2023\/09\/Stretching-300x300.jpg 300w, http:\/\/unpasverssoi.ca\/fr\/wp-content\/uploads\/2023\/09\/Stretching-150x150.jpg 150w, http:\/\/unpasverssoi.ca\/fr\/wp-content\/uploads\/2023\/09\/Stretching-768x768.jpg 768w, http:\/\/unpasverssoi.ca\/fr\/wp-content\/uploads\/2023\/09\/Stretching-100x100.jpg 100w, http:\/\/unpasverssoi.ca\/fr\/wp-content\/uploads\/2023\/09\/Stretching.jpg 1080w\" sizes=\"auto, (max-width: 767px) 89vw, (max-width: 1000px) 54vw, (max-width: 1071px) 543px, 580px\" \/><\/a><figcaption class=\"wp-element-caption\">STRETCHING<\/figcaption><\/figure>\n<\/div>\n\n\n<p><\/p>\n\n\n\n<p><\/p>\n\n\n\n<p><\/p>\n\n\n\n<p><\/p>\n\n\n\n<p><\/p>\n\n\n\n<p><\/p>\n\n\n\n<hr class=\"wp-block-separator has-alpha-channel-opacity\"\/>\n\n\n\n<h1 class=\"wp-block-heading\">Cours priv\u00e9s<\/h1>\n\n\n\n<p>\u00c0 un moment ou l\u2019autre de votre vie, vous ressentirez peut-\u00eatre le besoin de b\u00e9n\u00e9ficier d\u2019un enseignement personnalis\u00e9 ou vous aurez tout simplement l\u2019envie de vous offrir un cours priv\u00e9. Vous trouverez au sein de notre \u00e9quipe, des professeurs qualifi\u00e9s, soucieux de votre bien-\u00eatre et disponibles pour entreprendre une d\u00e9marche avec vous et vous appuyer dans la poursuite de vos objectifs.<\/p>\n\n\n\n\n<table id=\"tablepress-4\" class=\"tablepress tablepress-id-4\">\n<tbody class=\"row-hover\">\n<tr class=\"row-1\">\n\t<td class=\"column-1\">Cours priv\u00e9<\/td><td class=\"column-2\">60 min<\/td><td class=\"column-3\">130 $<\/td>\n<\/tr>\n<\/tbody>\n<\/table>\n<!-- #tablepress-4 from cache -->\n\n\n\n<p><\/p>\n\n\n\n<p class=\"has-text-align-left\"><strong>Pour r\u00e9server un cours priv\u00e9: <\/strong>&nbsp;T\u00e9l\u00e9phone&nbsp; 514-886-1558&nbsp; ou&nbsp;&nbsp;<a href=\"mailto:info@unpasverssoi.ca\">info@unpasverssoi.ca<\/a><\/p>\n\n\n\n<p><\/p>\n","protected":false},"excerpt":{"rendered":"<p>Description des cours Cours priv\u00e9s \u00c0 un moment ou l\u2019autre de votre vie, vous ressentirez peut-\u00eatre le besoin de b\u00e9n\u00e9ficier d\u2019un enseignement personnalis\u00e9 ou vous aurez tout simplement l\u2019envie de vous offrir un cours priv\u00e9. Vous trouverez au sein de notre \u00e9quipe, des professeurs qualifi\u00e9s, soucieux de votre bien-\u00eatre et disponibles pour entreprendre une d\u00e9marche &hellip; <\/p>\n<p class=\"link-more\"><a href=\"http:\/\/unpasverssoi.ca\/fr\/description-des-cours-2-2\/\" class=\"more-link\">Continue reading<span class=\"screen-reader-text\"> &#8220;Description des cours&#8221;<\/span><\/a><\/p>\n","protected":false},"author":4,"featured_media":0,"parent":0,"menu_order":0,"comment_status":"closed","ping_status":"closed","template":"","meta":{"_exactmetrics_skip_tracking":false,"_exactmetrics_sitenote_active":false,"_exactmetrics_sitenote_note":"","_exactmetrics_sitenote_category":0,"footnotes":""},"class_list":["post-7787","page","type-page","status-publish","hentry"],"yoast_head":"<!-- This site is optimized with the Yoast SEO plugin v27.4 - https:\/\/yoast.com\/product\/yoast-seo-wordpress\/ -->\n<title>Description des cours - Un pas vers Soi<\/title>\n<meta name=\"robots\" content=\"index, follow, max-snippet:-1, max-image-preview:large, max-video-preview:-1\" \/>\n<link rel=\"canonical\" href=\"https:\/\/unpasverssoi.ca\/fr\/description-des-cours-2-2\/\" \/>\n<meta property=\"og:locale\" content=\"en_US\" \/>\n<meta property=\"og:type\" content=\"article\" \/>\n<meta property=\"og:title\" content=\"Description des cours - Un pas vers Soi\" \/>\n<meta property=\"og:description\" content=\"Description des cours Cours priv\u00e9s \u00c0 un moment ou l\u2019autre de votre vie, vous ressentirez peut-\u00eatre le besoin de b\u00e9n\u00e9ficier d\u2019un enseignement personnalis\u00e9 ou vous aurez tout simplement l\u2019envie de vous offrir un cours priv\u00e9. Vous trouverez au sein de notre \u00e9quipe, des professeurs qualifi\u00e9s, soucieux de votre bien-\u00eatre et disponibles pour entreprendre une d\u00e9marche &hellip; Continue reading &quot;Description des cours&quot;\" \/>\n<meta property=\"og:url\" content=\"https:\/\/unpasverssoi.ca\/fr\/description-des-cours-2-2\/\" \/>\n<meta property=\"og:site_name\" content=\"Un pas vers Soi\" \/>\n<meta property=\"article:publisher\" content=\"https:\/\/www.facebook.com\/Un-pas-vers-Soi-359895390747566\/\" \/>\n<meta property=\"article:modified_time\" content=\"2026-01-16T00:45:10+00:00\" \/>\n<meta property=\"og:image\" content=\"https:\/\/unpasverssoi.ca\/fr\/wp-content\/uploads\/2023\/09\/yoga-1024x1024.jpg\" \/>\n<meta name=\"twitter:card\" content=\"summary_large_image\" \/>\n<meta name=\"twitter:label1\" content=\"Est. reading time\" \/>\n\t<meta name=\"twitter:data1\" content=\"2 minutes\" \/>\n<script type=\"application\/ld+json\" class=\"yoast-schema-graph\">{\"@context\":\"https:\\\/\\\/schema.org\",\"@graph\":[{\"@type\":\"WebPage\",\"@id\":\"https:\\\/\\\/unpasverssoi.ca\\\/fr\\\/description-des-cours-2-2\\\/\",\"url\":\"https:\\\/\\\/unpasverssoi.ca\\\/fr\\\/description-des-cours-2-2\\\/\",\"name\":\"Description des cours - Un pas vers Soi\",\"isPartOf\":{\"@id\":\"https:\\\/\\\/unpasverssoi.ca\\\/fr\\\/#website\"},\"primaryImageOfPage\":{\"@id\":\"https:\\\/\\\/unpasverssoi.ca\\\/fr\\\/description-des-cours-2-2\\\/#primaryimage\"},\"image\":{\"@id\":\"https:\\\/\\\/unpasverssoi.ca\\\/fr\\\/description-des-cours-2-2\\\/#primaryimage\"},\"thumbnailUrl\":\"https:\\\/\\\/unpasverssoi.ca\\\/fr\\\/wp-content\\\/uploads\\\/2023\\\/09\\\/yoga-1024x1024.jpg\",\"datePublished\":\"2023-09-26T19:35:16+00:00\",\"dateModified\":\"2026-01-16T00:45:10+00:00\",\"breadcrumb\":{\"@id\":\"https:\\\/\\\/unpasverssoi.ca\\\/fr\\\/description-des-cours-2-2\\\/#breadcrumb\"},\"inLanguage\":\"en-US\",\"potentialAction\":[{\"@type\":\"ReadAction\",\"target\":[\"https:\\\/\\\/unpasverssoi.ca\\\/fr\\\/description-des-cours-2-2\\\/\"]}]},{\"@type\":\"ImageObject\",\"inLanguage\":\"en-US\",\"@id\":\"https:\\\/\\\/unpasverssoi.ca\\\/fr\\\/description-des-cours-2-2\\\/#primaryimage\",\"url\":\"https:\\\/\\\/unpasverssoi.ca\\\/fr\\\/wp-content\\\/uploads\\\/2023\\\/09\\\/yoga-1024x1024.jpg\",\"contentUrl\":\"https:\\\/\\\/unpasverssoi.ca\\\/fr\\\/wp-content\\\/uploads\\\/2023\\\/09\\\/yoga-1024x1024.jpg\"},{\"@type\":\"BreadcrumbList\",\"@id\":\"https:\\\/\\\/unpasverssoi.ca\\\/fr\\\/description-des-cours-2-2\\\/#breadcrumb\",\"itemListElement\":[{\"@type\":\"ListItem\",\"position\":1,\"name\":\"Accueil\",\"item\":\"https:\\\/\\\/unpasverssoi.ca\\\/fr\\\/\"},{\"@type\":\"ListItem\",\"position\":2,\"name\":\"Description des cours\"}]},{\"@type\":\"WebSite\",\"@id\":\"https:\\\/\\\/unpasverssoi.ca\\\/fr\\\/#website\",\"url\":\"https:\\\/\\\/unpasverssoi.ca\\\/fr\\\/\",\"name\":\"Un pas vers Soi\",\"description\":\"\",\"publisher\":{\"@id\":\"https:\\\/\\\/unpasverssoi.ca\\\/fr\\\/#organization\"},\"potentialAction\":[{\"@type\":\"SearchAction\",\"target\":{\"@type\":\"EntryPoint\",\"urlTemplate\":\"https:\\\/\\\/unpasverssoi.ca\\\/fr\\\/?s={search_term_string}\"},\"query-input\":{\"@type\":\"PropertyValueSpecification\",\"valueRequired\":true,\"valueName\":\"search_term_string\"}}],\"inLanguage\":\"en-US\"},{\"@type\":\"Organization\",\"@id\":\"https:\\\/\\\/unpasverssoi.ca\\\/fr\\\/#organization\",\"name\":\"Un pas vers Soi\",\"url\":\"https:\\\/\\\/unpasverssoi.ca\\\/fr\\\/\",\"logo\":{\"@type\":\"ImageObject\",\"inLanguage\":\"en-US\",\"@id\":\"https:\\\/\\\/unpasverssoi.ca\\\/fr\\\/#\\\/schema\\\/logo\\\/image\\\/\",\"url\":\"http:\\\/\\\/unpasverssoi.ca\\\/fr\\\/wp-content\\\/uploads\\\/2023\\\/07\\\/cropped-cropped-UN-PAS-VERS-SOI_DEUX-LIGNES-ICONE.png\",\"contentUrl\":\"http:\\\/\\\/unpasverssoi.ca\\\/fr\\\/wp-content\\\/uploads\\\/2023\\\/07\\\/cropped-cropped-UN-PAS-VERS-SOI_DEUX-LIGNES-ICONE.png\",\"width\":215,\"height\":250,\"caption\":\"Un pas vers Soi\"},\"image\":{\"@id\":\"https:\\\/\\\/unpasverssoi.ca\\\/fr\\\/#\\\/schema\\\/logo\\\/image\\\/\"},\"sameAs\":[\"https:\\\/\\\/www.facebook.com\\\/Un-pas-vers-Soi-359895390747566\\\/\",\"https:\\\/\\\/www.instagram.com\\\/unpasverssoi.centre\\\/\"]}]}<\/script>\n<!-- \/ Yoast SEO plugin. -->","yoast_head_json":{"title":"Description des cours - Un pas vers Soi","robots":{"index":"index","follow":"follow","max-snippet":"max-snippet:-1","max-image-preview":"max-image-preview:large","max-video-preview":"max-video-preview:-1"},"canonical":"https:\/\/unpasverssoi.ca\/fr\/description-des-cours-2-2\/","og_locale":"en_US","og_type":"article","og_title":"Description des cours - Un pas vers Soi","og_description":"Description des cours Cours priv\u00e9s \u00c0 un moment ou l\u2019autre de votre vie, vous ressentirez peut-\u00eatre le besoin de b\u00e9n\u00e9ficier d\u2019un enseignement personnalis\u00e9 ou vous aurez tout simplement l\u2019envie de vous offrir un cours priv\u00e9. Vous trouverez au sein de notre \u00e9quipe, des professeurs qualifi\u00e9s, soucieux de votre bien-\u00eatre et disponibles pour entreprendre une d\u00e9marche &hellip; Continue reading \"Description des cours\"","og_url":"https:\/\/unpasverssoi.ca\/fr\/description-des-cours-2-2\/","og_site_name":"Un pas vers Soi","article_publisher":"https:\/\/www.facebook.com\/Un-pas-vers-Soi-359895390747566\/","article_modified_time":"2026-01-16T00:45:10+00:00","og_image":[{"url":"https:\/\/unpasverssoi.ca\/fr\/wp-content\/uploads\/2023\/09\/yoga-1024x1024.jpg","type":"","width":"","height":""}],"twitter_card":"summary_large_image","twitter_misc":{"Est. reading time":"2 minutes"},"schema":{"@context":"https:\/\/schema.org","@graph":[{"@type":"WebPage","@id":"https:\/\/unpasverssoi.ca\/fr\/description-des-cours-2-2\/","url":"https:\/\/unpasverssoi.ca\/fr\/description-des-cours-2-2\/","name":"Description des cours - Un pas vers Soi","isPartOf":{"@id":"https:\/\/unpasverssoi.ca\/fr\/#website"},"primaryImageOfPage":{"@id":"https:\/\/unpasverssoi.ca\/fr\/description-des-cours-2-2\/#primaryimage"},"image":{"@id":"https:\/\/unpasverssoi.ca\/fr\/description-des-cours-2-2\/#primaryimage"},"thumbnailUrl":"https:\/\/unpasverssoi.ca\/fr\/wp-content\/uploads\/2023\/09\/yoga-1024x1024.jpg","datePublished":"2023-09-26T19:35:16+00:00","dateModified":"2026-01-16T00:45:10+00:00","breadcrumb":{"@id":"https:\/\/unpasverssoi.ca\/fr\/description-des-cours-2-2\/#breadcrumb"},"inLanguage":"en-US","potentialAction":[{"@type":"ReadAction","target":["https:\/\/unpasverssoi.ca\/fr\/description-des-cours-2-2\/"]}]},{"@type":"ImageObject","inLanguage":"en-US","@id":"https:\/\/unpasverssoi.ca\/fr\/description-des-cours-2-2\/#primaryimage","url":"https:\/\/unpasverssoi.ca\/fr\/wp-content\/uploads\/2023\/09\/yoga-1024x1024.jpg","contentUrl":"https:\/\/unpasverssoi.ca\/fr\/wp-content\/uploads\/2023\/09\/yoga-1024x1024.jpg"},{"@type":"BreadcrumbList","@id":"https:\/\/unpasverssoi.ca\/fr\/description-des-cours-2-2\/#breadcrumb","itemListElement":[{"@type":"ListItem","position":1,"name":"Accueil","item":"https:\/\/unpasverssoi.ca\/fr\/"},{"@type":"ListItem","position":2,"name":"Description des cours"}]},{"@type":"WebSite","@id":"https:\/\/unpasverssoi.ca\/fr\/#website","url":"https:\/\/unpasverssoi.ca\/fr\/","name":"Un pas vers Soi","description":"","publisher":{"@id":"https:\/\/unpasverssoi.ca\/fr\/#organization"},"potentialAction":[{"@type":"SearchAction","target":{"@type":"EntryPoint","urlTemplate":"https:\/\/unpasverssoi.ca\/fr\/?s={search_term_string}"},"query-input":{"@type":"PropertyValueSpecification","valueRequired":true,"valueName":"search_term_string"}}],"inLanguage":"en-US"},{"@type":"Organization","@id":"https:\/\/unpasverssoi.ca\/fr\/#organization","name":"Un pas vers Soi","url":"https:\/\/unpasverssoi.ca\/fr\/","logo":{"@type":"ImageObject","inLanguage":"en-US","@id":"https:\/\/unpasverssoi.ca\/fr\/#\/schema\/logo\/image\/","url":"http:\/\/unpasverssoi.ca\/fr\/wp-content\/uploads\/2023\/07\/cropped-cropped-UN-PAS-VERS-SOI_DEUX-LIGNES-ICONE.png","contentUrl":"http:\/\/unpasverssoi.ca\/fr\/wp-content\/uploads\/2023\/07\/cropped-cropped-UN-PAS-VERS-SOI_DEUX-LIGNES-ICONE.png","width":215,"height":250,"caption":"Un pas vers Soi"},"image":{"@id":"https:\/\/unpasverssoi.ca\/fr\/#\/schema\/logo\/image\/"},"sameAs":["https:\/\/www.facebook.com\/Un-pas-vers-Soi-359895390747566\/","https:\/\/www.instagram.com\/unpasverssoi.centre\/"]}]}},"_links":{"self":[{"href":"http:\/\/unpasverssoi.ca\/fr\/wp-json\/wp\/v2\/pages\/7787","targetHints":{"allow":["GET"]}}],"collection":[{"href":"http:\/\/unpasverssoi.ca\/fr\/wp-json\/wp\/v2\/pages"}],"about":[{"href":"http:\/\/unpasverssoi.ca\/fr\/wp-json\/wp\/v2\/types\/page"}],"author":[{"embeddable":true,"href":"http:\/\/unpasverssoi.ca\/fr\/wp-json\/wp\/v2\/users\/4"}],"replies":[{"embeddable":true,"href":"http:\/\/unpasverssoi.ca\/fr\/wp-json\/wp\/v2\/comments?post=7787"}],"version-history":[{"count":29,"href":"http:\/\/unpasverssoi.ca\/fr\/wp-json\/wp\/v2\/pages\/7787\/revisions"}],"predecessor-version":[{"id":8762,"href":"http:\/\/unpasverssoi.ca\/fr\/wp-json\/wp\/v2\/pages\/7787\/revisions\/8762"}],"wp:attachment":[{"href":"http:\/\/unpasverssoi.ca\/fr\/wp-json\/wp\/v2\/media?parent=7787"}],"curies":[{"name":"wp","href":"https:\/\/api.w.org\/{rel}","templated":true}]}}