{"id":127,"date":"2017-04-03T22:16:30","date_gmt":"2017-04-03T22:16:30","guid":{"rendered":"http:\/\/unpasverssoi.ca\/fr\/?page_id=127"},"modified":"2025-07-08T14:19:25","modified_gmt":"2025-07-08T14:19:25","slug":"un-pas-vers-soi","status":"publish","type":"page","link":"https:\/\/unpasverssoi.ca\/fr\/","title":{"rendered":"Un pas vers Soi"},"content":{"rendered":"<h1 style=\"text-align: center;\">Bienvenue au Centre Un pas vers Soi<\/h1>\n<div>\n<h3 style=\"text-align: center;\"><span lang=\"FR-CA\">Un pas vers Soi est un centre de sant\u00e9 de quartier o\u00f9 sont offerts des services multiples pour le bien-\u00eatre des humains et de la communaut\u00e9\u0301. \u00a0<\/span><span lang=\"FR-CA\">L\u2019espace se divise en deux parties : au rez-de-chauss\u00e9e se trouve la Clinique qui offre des services d\u2019ost\u00e9opathie, d&#8217;acupuncture, de massoth\u00e9rapie, de naturopathie, de sophrologie et de divers soins th\u00e9rapeutiques. Au 1er \u00e9tage, le Studio offre des cours de yoga, pilates, m\u00e9ditation et autres cours ax\u00e9s sur un aspect holistique.<\/span><\/h3>\n<\/div>\n<p style=\"text-align: center;\"><a class=\"maxbutton-64 maxbutton maxbutton-prendre-rendez-vous-clinique\" target=\"_blank\" rel=\"noopener\" href=\"https:\/\/www.gorendezvous.com\/cliniqueunpasverssoi\"><span class='mb-text'>Prendre rendez-vous - clinique<\/span><\/a> <a class=\"maxbutton-56 maxbutton maxbutton-reserver-un-cours-studio\" href=\"https:\/\/unpasverssoi.fliipapp.com\/\"><span class='mb-text'>R\u00e9server un cours - Studio<\/span><\/a><\/p>\n<h1 style=\"text-align: center;\"><img loading=\"lazy\" decoding=\"async\" class=\"wp-image-7233 size-large aligncenter\" src=\"http:\/\/unpasverssoi.ca\/fr\/wp-content\/uploads\/2023\/07\/Screenshot-2023-07-28-at-6.19.12-PM-e1690582885184-1024x586.png\" alt=\"\" width=\"525\" height=\"300\" srcset=\"https:\/\/unpasverssoi.ca\/fr\/wp-content\/uploads\/2023\/07\/Screenshot-2023-07-28-at-6.19.12-PM-e1690582885184-1024x586.png 1024w, https:\/\/unpasverssoi.ca\/fr\/wp-content\/uploads\/2023\/07\/Screenshot-2023-07-28-at-6.19.12-PM-e1690582885184-300x172.png 300w, https:\/\/unpasverssoi.ca\/fr\/wp-content\/uploads\/2023\/07\/Screenshot-2023-07-28-at-6.19.12-PM-e1690582885184-768x439.png 768w, https:\/\/unpasverssoi.ca\/fr\/wp-content\/uploads\/2023\/07\/Screenshot-2023-07-28-at-6.19.12-PM-e1690582885184-1536x878.png 1536w, https:\/\/unpasverssoi.ca\/fr\/wp-content\/uploads\/2023\/07\/Screenshot-2023-07-28-at-6.19.12-PM-e1690582885184-2048x1171.png 2048w\" sizes=\"auto, (max-width: 525px) 100vw, 525px\" \/><\/h1>\n","protected":false},"excerpt":{"rendered":"<p>Bienvenue au Centre Un pas vers Soi Un pas vers Soi est un centre de sant\u00e9 de quartier o\u00f9 sont offerts des services multiples pour le bien-\u00eatre des humains et de la communaut\u00e9\u0301. \u00a0L\u2019espace se divise en deux parties : au rez-de-chauss\u00e9e se trouve la Clinique qui offre des services d\u2019ost\u00e9opathie, d&#8217;acupuncture, de massoth\u00e9rapie, de &hellip; <\/p>\n<p class=\"link-more\"><a href=\"https:\/\/unpasverssoi.ca\/fr\/\" class=\"more-link\">Continue reading<span class=\"screen-reader-text\"> &#8220;Un pas vers Soi&#8221;<\/span><\/a><\/p>\n","protected":false},"author":1,"featured_media":0,"parent":0,"menu_order":0,"comment_status":"closed","ping_status":"closed","template":"","meta":{"_exactmetrics_skip_tracking":false,"_exactmetrics_sitenote_active":false,"_exactmetrics_sitenote_note":"","_exactmetrics_sitenote_category":0,"footnotes":""},"class_list":["post-127","page","type-page","status-publish","hentry"],"yoast_head":"<!-- This site is optimized with the Yoast SEO plugin v27.4 - https:\/\/yoast.com\/product\/yoast-seo-wordpress\/ -->\n<title>Yoga &amp; Massoth\u00e9rapie | Centre de Sant\u00e9 | Rosemont, Montr\u00e9al<\/title>\n<meta name=\"description\" content=\"Cours de yoga et soins en massoth\u00e9rapie dans Rosemont, \u00e0 Montr\u00e9al. D\u00e9couvrez le centre de sant\u00e9 Un pas vers Soi!\" \/>\n<meta name=\"robots\" content=\"index, follow, max-snippet:-1, max-image-preview:large, max-video-preview:-1\" \/>\n<link rel=\"canonical\" href=\"https:\/\/unpasverssoi.ca\/fr\/\" \/>\n<meta property=\"og:locale\" content=\"en_US\" \/>\n<meta property=\"og:type\" content=\"article\" \/>\n<meta property=\"og:title\" content=\"Yoga &amp; Massoth\u00e9rapie | Centre de Sant\u00e9 | Rosemont, Montr\u00e9al\" \/>\n<meta property=\"og:description\" content=\"Cours de yoga et soins en massoth\u00e9rapie dans Rosemont, \u00e0 Montr\u00e9al. D\u00e9couvrez le centre de sant\u00e9 Un pas vers Soi!\" \/>\n<meta property=\"og:url\" content=\"https:\/\/unpasverssoi.ca\/fr\/\" \/>\n<meta property=\"og:site_name\" content=\"Un pas vers Soi\" \/>\n<meta property=\"article:publisher\" content=\"https:\/\/www.facebook.com\/Un-pas-vers-Soi-359895390747566\/\" \/>\n<meta property=\"article:modified_time\" content=\"2025-07-08T14:19:25+00:00\" \/>\n<meta property=\"og:image\" content=\"http:\/\/unpasverssoi.ca\/fr\/wp-content\/uploads\/2023\/07\/Screenshot-2023-07-28-at-6.19.12-PM-e1690582885184-1024x586.png\" \/>\n<meta name=\"twitter:card\" content=\"summary_large_image\" \/>\n<meta name=\"twitter:label1\" content=\"Est. reading time\" \/>\n\t<meta name=\"twitter:data1\" content=\"1 minute\" \/>\n<script type=\"application\/ld+json\" class=\"yoast-schema-graph\">{\"@context\":\"https:\\\/\\\/schema.org\",\"@graph\":[{\"@type\":\"WebPage\",\"@id\":\"https:\\\/\\\/unpasverssoi.ca\\\/fr\\\/\",\"url\":\"https:\\\/\\\/unpasverssoi.ca\\\/fr\\\/\",\"name\":\"Yoga & Massoth\u00e9rapie | Centre de Sant\u00e9 | Rosemont, Montr\u00e9al\",\"isPartOf\":{\"@id\":\"https:\\\/\\\/unpasverssoi.ca\\\/fr\\\/#website\"},\"primaryImageOfPage\":{\"@id\":\"https:\\\/\\\/unpasverssoi.ca\\\/fr\\\/#primaryimage\"},\"image\":{\"@id\":\"https:\\\/\\\/unpasverssoi.ca\\\/fr\\\/#primaryimage\"},\"thumbnailUrl\":\"http:\\\/\\\/unpasverssoi.ca\\\/fr\\\/wp-content\\\/uploads\\\/2023\\\/07\\\/Screenshot-2023-07-28-at-6.19.12-PM-e1690582885184-1024x586.png\",\"datePublished\":\"2017-04-03T22:16:30+00:00\",\"dateModified\":\"2025-07-08T14:19:25+00:00\",\"description\":\"Cours de yoga et soins en massoth\u00e9rapie dans Rosemont, \u00e0 Montr\u00e9al. D\u00e9couvrez le centre de sant\u00e9 Un pas vers Soi!\",\"breadcrumb\":{\"@id\":\"https:\\\/\\\/unpasverssoi.ca\\\/fr\\\/#breadcrumb\"},\"inLanguage\":\"en-US\",\"potentialAction\":[{\"@type\":\"ReadAction\",\"target\":[\"https:\\\/\\\/unpasverssoi.ca\\\/fr\\\/\"]}]},{\"@type\":\"ImageObject\",\"inLanguage\":\"en-US\",\"@id\":\"https:\\\/\\\/unpasverssoi.ca\\\/fr\\\/#primaryimage\",\"url\":\"https:\\\/\\\/unpasverssoi.ca\\\/fr\\\/wp-content\\\/uploads\\\/2023\\\/07\\\/Screenshot-2023-07-28-at-6.19.12-PM-e1690582885184.png\",\"contentUrl\":\"https:\\\/\\\/unpasverssoi.ca\\\/fr\\\/wp-content\\\/uploads\\\/2023\\\/07\\\/Screenshot-2023-07-28-at-6.19.12-PM-e1690582885184.png\",\"width\":2100,\"height\":1201},{\"@type\":\"BreadcrumbList\",\"@id\":\"https:\\\/\\\/unpasverssoi.ca\\\/fr\\\/#breadcrumb\",\"itemListElement\":[{\"@type\":\"ListItem\",\"position\":1,\"name\":\"Accueil\",\"item\":\"https:\\\/\\\/unpasverssoi.ca\\\/fr\\\/\"},{\"@type\":\"ListItem\",\"position\":2,\"name\":\"Un pas vers Soi\"}]},{\"@type\":\"WebSite\",\"@id\":\"https:\\\/\\\/unpasverssoi.ca\\\/fr\\\/#website\",\"url\":\"https:\\\/\\\/unpasverssoi.ca\\\/fr\\\/\",\"name\":\"Un pas vers Soi\",\"description\":\"\",\"publisher\":{\"@id\":\"https:\\\/\\\/unpasverssoi.ca\\\/fr\\\/#organization\"},\"potentialAction\":[{\"@type\":\"SearchAction\",\"target\":{\"@type\":\"EntryPoint\",\"urlTemplate\":\"https:\\\/\\\/unpasverssoi.ca\\\/fr\\\/?s={search_term_string}\"},\"query-input\":{\"@type\":\"PropertyValueSpecification\",\"valueRequired\":true,\"valueName\":\"search_term_string\"}}],\"inLanguage\":\"en-US\"},{\"@type\":\"Organization\",\"@id\":\"https:\\\/\\\/unpasverssoi.ca\\\/fr\\\/#organization\",\"name\":\"Un pas vers Soi\",\"url\":\"https:\\\/\\\/unpasverssoi.ca\\\/fr\\\/\",\"logo\":{\"@type\":\"ImageObject\",\"inLanguage\":\"en-US\",\"@id\":\"https:\\\/\\\/unpasverssoi.ca\\\/fr\\\/#\\\/schema\\\/logo\\\/image\\\/\",\"url\":\"https:\\\/\\\/unpasverssoi.ca\\\/fr\\\/wp-content\\\/uploads\\\/2023\\\/07\\\/cropped-cropped-UN-PAS-VERS-SOI_DEUX-LIGNES-ICONE.png\",\"contentUrl\":\"https:\\\/\\\/unpasverssoi.ca\\\/fr\\\/wp-content\\\/uploads\\\/2023\\\/07\\\/cropped-cropped-UN-PAS-VERS-SOI_DEUX-LIGNES-ICONE.png\",\"width\":215,\"height\":250,\"caption\":\"Un pas vers Soi\"},\"image\":{\"@id\":\"https:\\\/\\\/unpasverssoi.ca\\\/fr\\\/#\\\/schema\\\/logo\\\/image\\\/\"},\"sameAs\":[\"https:\\\/\\\/www.facebook.com\\\/Un-pas-vers-Soi-359895390747566\\\/\",\"https:\\\/\\\/www.instagram.com\\\/unpasverssoi.centre\\\/\"]}]}<\/script>\n<!-- \/ Yoast SEO plugin. -->","yoast_head_json":{"title":"Yoga & Massoth\u00e9rapie | Centre de Sant\u00e9 | Rosemont, Montr\u00e9al","description":"Cours de yoga et soins en massoth\u00e9rapie dans Rosemont, \u00e0 Montr\u00e9al. D\u00e9couvrez le centre de sant\u00e9 Un pas vers Soi!","robots":{"index":"index","follow":"follow","max-snippet":"max-snippet:-1","max-image-preview":"max-image-preview:large","max-video-preview":"max-video-preview:-1"},"canonical":"https:\/\/unpasverssoi.ca\/fr\/","og_locale":"en_US","og_type":"article","og_title":"Yoga & Massoth\u00e9rapie | Centre de Sant\u00e9 | Rosemont, Montr\u00e9al","og_description":"Cours de yoga et soins en massoth\u00e9rapie dans Rosemont, \u00e0 Montr\u00e9al. D\u00e9couvrez le centre de sant\u00e9 Un pas vers Soi!","og_url":"https:\/\/unpasverssoi.ca\/fr\/","og_site_name":"Un pas vers Soi","article_publisher":"https:\/\/www.facebook.com\/Un-pas-vers-Soi-359895390747566\/","article_modified_time":"2025-07-08T14:19:25+00:00","og_image":[{"url":"http:\/\/unpasverssoi.ca\/fr\/wp-content\/uploads\/2023\/07\/Screenshot-2023-07-28-at-6.19.12-PM-e1690582885184-1024x586.png","type":"","width":"","height":""}],"twitter_card":"summary_large_image","twitter_misc":{"Est. reading time":"1 minute"},"schema":{"@context":"https:\/\/schema.org","@graph":[{"@type":"WebPage","@id":"https:\/\/unpasverssoi.ca\/fr\/","url":"https:\/\/unpasverssoi.ca\/fr\/","name":"Yoga & Massoth\u00e9rapie | Centre de Sant\u00e9 | Rosemont, Montr\u00e9al","isPartOf":{"@id":"https:\/\/unpasverssoi.ca\/fr\/#website"},"primaryImageOfPage":{"@id":"https:\/\/unpasverssoi.ca\/fr\/#primaryimage"},"image":{"@id":"https:\/\/unpasverssoi.ca\/fr\/#primaryimage"},"thumbnailUrl":"http:\/\/unpasverssoi.ca\/fr\/wp-content\/uploads\/2023\/07\/Screenshot-2023-07-28-at-6.19.12-PM-e1690582885184-1024x586.png","datePublished":"2017-04-03T22:16:30+00:00","dateModified":"2025-07-08T14:19:25+00:00","description":"Cours de yoga et soins en massoth\u00e9rapie dans Rosemont, \u00e0 Montr\u00e9al. D\u00e9couvrez le centre de sant\u00e9 Un pas vers Soi!","breadcrumb":{"@id":"https:\/\/unpasverssoi.ca\/fr\/#breadcrumb"},"inLanguage":"en-US","potentialAction":[{"@type":"ReadAction","target":["https:\/\/unpasverssoi.ca\/fr\/"]}]},{"@type":"ImageObject","inLanguage":"en-US","@id":"https:\/\/unpasverssoi.ca\/fr\/#primaryimage","url":"https:\/\/unpasverssoi.ca\/fr\/wp-content\/uploads\/2023\/07\/Screenshot-2023-07-28-at-6.19.12-PM-e1690582885184.png","contentUrl":"https:\/\/unpasverssoi.ca\/fr\/wp-content\/uploads\/2023\/07\/Screenshot-2023-07-28-at-6.19.12-PM-e1690582885184.png","width":2100,"height":1201},{"@type":"BreadcrumbList","@id":"https:\/\/unpasverssoi.ca\/fr\/#breadcrumb","itemListElement":[{"@type":"ListItem","position":1,"name":"Accueil","item":"https:\/\/unpasverssoi.ca\/fr\/"},{"@type":"ListItem","position":2,"name":"Un pas vers Soi"}]},{"@type":"WebSite","@id":"https:\/\/unpasverssoi.ca\/fr\/#website","url":"https:\/\/unpasverssoi.ca\/fr\/","name":"Un pas vers Soi","description":"","publisher":{"@id":"https:\/\/unpasverssoi.ca\/fr\/#organization"},"potentialAction":[{"@type":"SearchAction","target":{"@type":"EntryPoint","urlTemplate":"https:\/\/unpasverssoi.ca\/fr\/?s={search_term_string}"},"query-input":{"@type":"PropertyValueSpecification","valueRequired":true,"valueName":"search_term_string"}}],"inLanguage":"en-US"},{"@type":"Organization","@id":"https:\/\/unpasverssoi.ca\/fr\/#organization","name":"Un pas vers Soi","url":"https:\/\/unpasverssoi.ca\/fr\/","logo":{"@type":"ImageObject","inLanguage":"en-US","@id":"https:\/\/unpasverssoi.ca\/fr\/#\/schema\/logo\/image\/","url":"https:\/\/unpasverssoi.ca\/fr\/wp-content\/uploads\/2023\/07\/cropped-cropped-UN-PAS-VERS-SOI_DEUX-LIGNES-ICONE.png","contentUrl":"https:\/\/unpasverssoi.ca\/fr\/wp-content\/uploads\/2023\/07\/cropped-cropped-UN-PAS-VERS-SOI_DEUX-LIGNES-ICONE.png","width":215,"height":250,"caption":"Un pas vers Soi"},"image":{"@id":"https:\/\/unpasverssoi.ca\/fr\/#\/schema\/logo\/image\/"},"sameAs":["https:\/\/www.facebook.com\/Un-pas-vers-Soi-359895390747566\/","https:\/\/www.instagram.com\/unpasverssoi.centre\/"]}]}},"_links":{"self":[{"href":"https:\/\/unpasverssoi.ca\/fr\/wp-json\/wp\/v2\/pages\/127","targetHints":{"allow":["GET"]}}],"collection":[{"href":"https:\/\/unpasverssoi.ca\/fr\/wp-json\/wp\/v2\/pages"}],"about":[{"href":"https:\/\/unpasverssoi.ca\/fr\/wp-json\/wp\/v2\/types\/page"}],"author":[{"embeddable":true,"href":"https:\/\/unpasverssoi.ca\/fr\/wp-json\/wp\/v2\/users\/1"}],"replies":[{"embeddable":true,"href":"https:\/\/unpasverssoi.ca\/fr\/wp-json\/wp\/v2\/comments?post=127"}],"version-history":[{"count":296,"href":"https:\/\/unpasverssoi.ca\/fr\/wp-json\/wp\/v2\/pages\/127\/revisions"}],"predecessor-version":[{"id":8583,"href":"https:\/\/unpasverssoi.ca\/fr\/wp-json\/wp\/v2\/pages\/127\/revisions\/8583"}],"wp:attachment":[{"href":"https:\/\/unpasverssoi.ca\/fr\/wp-json\/wp\/v2\/media?parent=127"}],"curies":[{"name":"wp","href":"https:\/\/api.w.org\/{rel}","templated":true}]}}