{"id":292,"date":"2017-05-06T02:36:21","date_gmt":"2017-05-06T02:36:21","guid":{"rendered":"http:\/\/unpasverssoi.ca\/fr\/?page_id=292"},"modified":"2025-07-08T15:37:22","modified_gmt":"2025-07-08T15:37:22","slug":"medidation","status":"publish","type":"page","link":"https:\/\/unpasverssoi.ca\/fr\/medidation\/","title":{"rendered":"M\u00e9ditation"},"content":{"rendered":"<h1 style=\"text-align: center;\">\u00a0<span class=\"large_title\">M\u00e9ditation<\/span><\/h1>\n<h4>M\u00e9ditation Yoga doux<\/h4>\n<p>La m\u00e9ditation pleine conscience est une approche aujourd&#8217;hui utilis\u00e9e dans des centaines d\u2019h\u00f4pitaux, d\u2019institutions d\u2019enseignement et d\u2019entreprises priv\u00e9es partout dans le monde, notamment pour la gestion du stress et de l\u2019anxi\u00e9t\u00e9. Simple et accessible, la pleine conscience nous permet de renouer avec notre nature profonde et v\u00e9ritable d\u2019\u00caTRE humain.<\/p>\n<p>Ce cours d\u00e9bute par une relaxation ax\u00e9e sur la conscience de la respiration. Cette \u00e9tape pr\u00e9paratoire permet de se d\u00e9tendre tant sur le plan mental que physique et rend le corps plus disponible pour m\u00e9diter. Par la suite, on d\u00e9lie le corps avec des \u00e9tirements et des postures de yoga pratiqu\u00e9s consciemment et en douceur. Les s\u00e9ances sont ponctu\u00e9es de m\u00e9ditations guid\u00e9es ayant pour but de rendre l\u2019esprit calme et paisible, favorisant le retour vers soi.<\/p>\n<p>Cette classe convient \u00e0 la fois aux gens qui souhaitent \u00eatre initi\u00e9s \u00e0 la m\u00e9ditation ou \u00e0 ceux qui ont simplement envie d\u2019\u00eatre guid\u00e9s dans leur pratique.<\/p>\n<h4 align=\"left\"><span class=\"large_title\">Cercle de m\u00e9ditation<\/span><\/h4>\n<p align=\"left\">Nous vous offrons l\u2019opportunit\u00e9 de m\u00e9diter en groupe et d\u2019avoir acc\u00e8s \u00e0 un espace propice \u00e0 la d\u00e9tente et au recueillement.<\/p>\n<p align=\"left\">Gratuit pour les \u00e9l\u00e8ves inscrits \u00e0 la session en cours.<br \/>\nFrais minimal pour les gens non inscrits.<\/p>\n<h2 style=\"text-align: center;\"><a class=\"maxbutton-56 maxbutton maxbutton-reserver-un-cours-studio\" href=\"https:\/\/unpasverssoi.fliipapp.com\/\"><span class='mb-text'>R\u00e9server un cours - Studio<\/span><\/a><\/h2>\n","protected":false},"excerpt":{"rendered":"<p>\u00a0M\u00e9ditation M\u00e9ditation Yoga doux La m\u00e9ditation pleine conscience est une approche aujourd&#8217;hui utilis\u00e9e dans des centaines d\u2019h\u00f4pitaux, d\u2019institutions d\u2019enseignement et d\u2019entreprises priv\u00e9es partout dans le monde, notamment pour la gestion du stress et de l\u2019anxi\u00e9t\u00e9. Simple et accessible, la pleine conscience nous permet de renouer avec notre nature profonde et v\u00e9ritable d\u2019\u00caTRE humain. Ce cours &hellip; <\/p>\n<p class=\"link-more\"><a href=\"https:\/\/unpasverssoi.ca\/fr\/medidation\/\" class=\"more-link\">Continue reading<span class=\"screen-reader-text\"> &#8220;M\u00e9ditation&#8221;<\/span><\/a><\/p>\n","protected":false},"author":1,"featured_media":0,"parent":0,"menu_order":0,"comment_status":"closed","ping_status":"closed","template":"","meta":{"_exactmetrics_skip_tracking":false,"_exactmetrics_sitenote_active":false,"_exactmetrics_sitenote_note":"","_exactmetrics_sitenote_category":0,"footnotes":""},"class_list":["post-292","page","type-page","status-publish","hentry"],"yoast_head":"<!-- This site is optimized with the Yoast SEO plugin v27.4 - https:\/\/yoast.com\/product\/yoast-seo-wordpress\/ -->\n<title>Cours M\u00e9ditation | Relaxation | Rosemont, Montr\u00e9al<\/title>\n<meta name=\"description\" content=\"Cours de m\u00e9ditation dans Rosemont \u00e0 Montr\u00e9al. La m\u00e9thode Pleine Conscience, le yoga doux et la respiration am\u00e9liorent la gestion du stress et de l&#039;anxi\u00e9t\u00e9.\" \/>\n<meta name=\"robots\" content=\"index, follow, max-snippet:-1, max-image-preview:large, max-video-preview:-1\" \/>\n<link rel=\"canonical\" href=\"https:\/\/unpasverssoi.ca\/fr\/medidation\/\" \/>\n<meta property=\"og:locale\" content=\"en_US\" \/>\n<meta property=\"og:type\" content=\"article\" \/>\n<meta property=\"og:title\" content=\"Cours M\u00e9ditation | Relaxation | Rosemont, Montr\u00e9al\" \/>\n<meta property=\"og:description\" content=\"Cours de m\u00e9ditation dans Rosemont \u00e0 Montr\u00e9al. La m\u00e9thode Pleine Conscience, le yoga doux et la respiration am\u00e9liorent la gestion du stress et de l&#039;anxi\u00e9t\u00e9.\" \/>\n<meta property=\"og:url\" content=\"https:\/\/unpasverssoi.ca\/fr\/medidation\/\" \/>\n<meta property=\"og:site_name\" content=\"Un pas vers Soi\" \/>\n<meta property=\"article:publisher\" content=\"https:\/\/www.facebook.com\/Un-pas-vers-Soi-359895390747566\/\" \/>\n<meta property=\"article:modified_time\" content=\"2025-07-08T15:37:22+00:00\" \/>\n<meta name=\"twitter:card\" content=\"summary_large_image\" \/>\n<meta name=\"twitter:label1\" content=\"Est. reading time\" \/>\n\t<meta name=\"twitter:data1\" content=\"1 minute\" \/>\n<script type=\"application\/ld+json\" class=\"yoast-schema-graph\">{\"@context\":\"https:\\\/\\\/schema.org\",\"@graph\":[{\"@type\":\"WebPage\",\"@id\":\"https:\\\/\\\/unpasverssoi.ca\\\/fr\\\/medidation\\\/\",\"url\":\"https:\\\/\\\/unpasverssoi.ca\\\/fr\\\/medidation\\\/\",\"name\":\"Cours M\u00e9ditation | Relaxation | Rosemont, Montr\u00e9al\",\"isPartOf\":{\"@id\":\"https:\\\/\\\/unpasverssoi.ca\\\/fr\\\/#website\"},\"datePublished\":\"2017-05-06T02:36:21+00:00\",\"dateModified\":\"2025-07-08T15:37:22+00:00\",\"description\":\"Cours de m\u00e9ditation dans Rosemont \u00e0 Montr\u00e9al. La m\u00e9thode Pleine Conscience, le yoga doux et la respiration am\u00e9liorent la gestion du stress et de l'anxi\u00e9t\u00e9.\",\"breadcrumb\":{\"@id\":\"https:\\\/\\\/unpasverssoi.ca\\\/fr\\\/medidation\\\/#breadcrumb\"},\"inLanguage\":\"en-US\",\"potentialAction\":[{\"@type\":\"ReadAction\",\"target\":[\"https:\\\/\\\/unpasverssoi.ca\\\/fr\\\/medidation\\\/\"]}]},{\"@type\":\"BreadcrumbList\",\"@id\":\"https:\\\/\\\/unpasverssoi.ca\\\/fr\\\/medidation\\\/#breadcrumb\",\"itemListElement\":[{\"@type\":\"ListItem\",\"position\":1,\"name\":\"Accueil\",\"item\":\"https:\\\/\\\/unpasverssoi.ca\\\/fr\\\/\"},{\"@type\":\"ListItem\",\"position\":2,\"name\":\"M\u00e9ditation\"}]},{\"@type\":\"WebSite\",\"@id\":\"https:\\\/\\\/unpasverssoi.ca\\\/fr\\\/#website\",\"url\":\"https:\\\/\\\/unpasverssoi.ca\\\/fr\\\/\",\"name\":\"Un pas vers Soi\",\"description\":\"\",\"publisher\":{\"@id\":\"https:\\\/\\\/unpasverssoi.ca\\\/fr\\\/#organization\"},\"potentialAction\":[{\"@type\":\"SearchAction\",\"target\":{\"@type\":\"EntryPoint\",\"urlTemplate\":\"https:\\\/\\\/unpasverssoi.ca\\\/fr\\\/?s={search_term_string}\"},\"query-input\":{\"@type\":\"PropertyValueSpecification\",\"valueRequired\":true,\"valueName\":\"search_term_string\"}}],\"inLanguage\":\"en-US\"},{\"@type\":\"Organization\",\"@id\":\"https:\\\/\\\/unpasverssoi.ca\\\/fr\\\/#organization\",\"name\":\"Un pas vers Soi\",\"url\":\"https:\\\/\\\/unpasverssoi.ca\\\/fr\\\/\",\"logo\":{\"@type\":\"ImageObject\",\"inLanguage\":\"en-US\",\"@id\":\"https:\\\/\\\/unpasverssoi.ca\\\/fr\\\/#\\\/schema\\\/logo\\\/image\\\/\",\"url\":\"https:\\\/\\\/unpasverssoi.ca\\\/fr\\\/wp-content\\\/uploads\\\/2023\\\/07\\\/cropped-cropped-UN-PAS-VERS-SOI_DEUX-LIGNES-ICONE.png\",\"contentUrl\":\"https:\\\/\\\/unpasverssoi.ca\\\/fr\\\/wp-content\\\/uploads\\\/2023\\\/07\\\/cropped-cropped-UN-PAS-VERS-SOI_DEUX-LIGNES-ICONE.png\",\"width\":215,\"height\":250,\"caption\":\"Un pas vers Soi\"},\"image\":{\"@id\":\"https:\\\/\\\/unpasverssoi.ca\\\/fr\\\/#\\\/schema\\\/logo\\\/image\\\/\"},\"sameAs\":[\"https:\\\/\\\/www.facebook.com\\\/Un-pas-vers-Soi-359895390747566\\\/\",\"https:\\\/\\\/www.instagram.com\\\/unpasverssoi.centre\\\/\"]}]}<\/script>\n<!-- \/ Yoast SEO plugin. -->","yoast_head_json":{"title":"Cours M\u00e9ditation | Relaxation | Rosemont, Montr\u00e9al","description":"Cours de m\u00e9ditation dans Rosemont \u00e0 Montr\u00e9al. La m\u00e9thode Pleine Conscience, le yoga doux et la respiration am\u00e9liorent la gestion du stress et de l'anxi\u00e9t\u00e9.","robots":{"index":"index","follow":"follow","max-snippet":"max-snippet:-1","max-image-preview":"max-image-preview:large","max-video-preview":"max-video-preview:-1"},"canonical":"https:\/\/unpasverssoi.ca\/fr\/medidation\/","og_locale":"en_US","og_type":"article","og_title":"Cours M\u00e9ditation | Relaxation | Rosemont, Montr\u00e9al","og_description":"Cours de m\u00e9ditation dans Rosemont \u00e0 Montr\u00e9al. La m\u00e9thode Pleine Conscience, le yoga doux et la respiration am\u00e9liorent la gestion du stress et de l'anxi\u00e9t\u00e9.","og_url":"https:\/\/unpasverssoi.ca\/fr\/medidation\/","og_site_name":"Un pas vers Soi","article_publisher":"https:\/\/www.facebook.com\/Un-pas-vers-Soi-359895390747566\/","article_modified_time":"2025-07-08T15:37:22+00:00","twitter_card":"summary_large_image","twitter_misc":{"Est. reading time":"1 minute"},"schema":{"@context":"https:\/\/schema.org","@graph":[{"@type":"WebPage","@id":"https:\/\/unpasverssoi.ca\/fr\/medidation\/","url":"https:\/\/unpasverssoi.ca\/fr\/medidation\/","name":"Cours M\u00e9ditation | Relaxation | Rosemont, Montr\u00e9al","isPartOf":{"@id":"https:\/\/unpasverssoi.ca\/fr\/#website"},"datePublished":"2017-05-06T02:36:21+00:00","dateModified":"2025-07-08T15:37:22+00:00","description":"Cours de m\u00e9ditation dans Rosemont \u00e0 Montr\u00e9al. La m\u00e9thode Pleine Conscience, le yoga doux et la respiration am\u00e9liorent la gestion du stress et de l'anxi\u00e9t\u00e9.","breadcrumb":{"@id":"https:\/\/unpasverssoi.ca\/fr\/medidation\/#breadcrumb"},"inLanguage":"en-US","potentialAction":[{"@type":"ReadAction","target":["https:\/\/unpasverssoi.ca\/fr\/medidation\/"]}]},{"@type":"BreadcrumbList","@id":"https:\/\/unpasverssoi.ca\/fr\/medidation\/#breadcrumb","itemListElement":[{"@type":"ListItem","position":1,"name":"Accueil","item":"https:\/\/unpasverssoi.ca\/fr\/"},{"@type":"ListItem","position":2,"name":"M\u00e9ditation"}]},{"@type":"WebSite","@id":"https:\/\/unpasverssoi.ca\/fr\/#website","url":"https:\/\/unpasverssoi.ca\/fr\/","name":"Un pas vers Soi","description":"","publisher":{"@id":"https:\/\/unpasverssoi.ca\/fr\/#organization"},"potentialAction":[{"@type":"SearchAction","target":{"@type":"EntryPoint","urlTemplate":"https:\/\/unpasverssoi.ca\/fr\/?s={search_term_string}"},"query-input":{"@type":"PropertyValueSpecification","valueRequired":true,"valueName":"search_term_string"}}],"inLanguage":"en-US"},{"@type":"Organization","@id":"https:\/\/unpasverssoi.ca\/fr\/#organization","name":"Un pas vers Soi","url":"https:\/\/unpasverssoi.ca\/fr\/","logo":{"@type":"ImageObject","inLanguage":"en-US","@id":"https:\/\/unpasverssoi.ca\/fr\/#\/schema\/logo\/image\/","url":"https:\/\/unpasverssoi.ca\/fr\/wp-content\/uploads\/2023\/07\/cropped-cropped-UN-PAS-VERS-SOI_DEUX-LIGNES-ICONE.png","contentUrl":"https:\/\/unpasverssoi.ca\/fr\/wp-content\/uploads\/2023\/07\/cropped-cropped-UN-PAS-VERS-SOI_DEUX-LIGNES-ICONE.png","width":215,"height":250,"caption":"Un pas vers Soi"},"image":{"@id":"https:\/\/unpasverssoi.ca\/fr\/#\/schema\/logo\/image\/"},"sameAs":["https:\/\/www.facebook.com\/Un-pas-vers-Soi-359895390747566\/","https:\/\/www.instagram.com\/unpasverssoi.centre\/"]}]}},"_links":{"self":[{"href":"https:\/\/unpasverssoi.ca\/fr\/wp-json\/wp\/v2\/pages\/292","targetHints":{"allow":["GET"]}}],"collection":[{"href":"https:\/\/unpasverssoi.ca\/fr\/wp-json\/wp\/v2\/pages"}],"about":[{"href":"https:\/\/unpasverssoi.ca\/fr\/wp-json\/wp\/v2\/types\/page"}],"author":[{"embeddable":true,"href":"https:\/\/unpasverssoi.ca\/fr\/wp-json\/wp\/v2\/users\/1"}],"replies":[{"embeddable":true,"href":"https:\/\/unpasverssoi.ca\/fr\/wp-json\/wp\/v2\/comments?post=292"}],"version-history":[{"count":37,"href":"https:\/\/unpasverssoi.ca\/fr\/wp-json\/wp\/v2\/pages\/292\/revisions"}],"predecessor-version":[{"id":8601,"href":"https:\/\/unpasverssoi.ca\/fr\/wp-json\/wp\/v2\/pages\/292\/revisions\/8601"}],"wp:attachment":[{"href":"https:\/\/unpasverssoi.ca\/fr\/wp-json\/wp\/v2\/media?parent=292"}],"curies":[{"name":"wp","href":"https:\/\/api.w.org\/{rel}","templated":true}]}}