{"id":633,"date":"2017-05-09T23:33:04","date_gmt":"2017-05-09T23:33:04","guid":{"rendered":"http:\/\/unpasverssoi.ca\/fr\/?page_id=633"},"modified":"2025-07-08T15:27:42","modified_gmt":"2025-07-08T15:27:42","slug":"massage-suedois","status":"publish","type":"page","link":"https:\/\/unpasverssoi.ca\/fr\/massage-suedois\/","title":{"rendered":"Massage su\u00e9dois"},"content":{"rendered":"<h1 style=\"text-align: center;\">\u00a0Massage su\u00e9dois<\/h1>\n<p class=\"p1\"><span class=\"s1\">Le massage su\u00e9dois agit principalement au niveau des syst\u00e8mes locomoteur ( muscles et tendons ) et liquidiens ( sang et lymphe ). Il aide \u00e0 retrouver de la mobilit\u00e9 \u00a0et stimule les circulations sanguine et lymphatique . De plus, il favorise la nutrition et l\u2019\u00e9limination cellulaire.<\/span><\/p>\n<p class=\"p1\"><span class=\"s1\">Le massage su\u00e9dois se compose d\u2019enchainements de man\u0153uvres appliqu\u00e9es sur la masse musculaire ou sur les articulations ( ligaments, tendons) servant \u00e0 remettre en \u00e9tat la musculature. Il dissout les tensions du corps, stimule et fortifie globalement tout en relaxant.<\/span><\/p>\n<h3 style=\"text-align: center;\"><a class=\"maxbutton-64 maxbutton maxbutton-prendre-rendez-vous-clinique\" target=\"_blank\" rel=\"noopener\" href=\"https:\/\/www.gorendezvous.com\/cliniqueunpasverssoi\"><span class='mb-text'>Prendre rendez-vous - clinique<\/span><\/a><\/h3>\n","protected":false},"excerpt":{"rendered":"<p>\u00a0Massage su\u00e9dois Le massage su\u00e9dois agit principalement au niveau des syst\u00e8mes locomoteur ( muscles et tendons ) et liquidiens ( sang et lymphe ). Il aide \u00e0 retrouver de la mobilit\u00e9 \u00a0et stimule les circulations sanguine et lymphatique . De plus, il favorise la nutrition et l\u2019\u00e9limination cellulaire. Le massage su\u00e9dois se compose d\u2019enchainements de &hellip; <\/p>\n<p class=\"link-more\"><a href=\"https:\/\/unpasverssoi.ca\/fr\/massage-suedois\/\" class=\"more-link\">Continue reading<span class=\"screen-reader-text\"> &#8220;Massage su\u00e9dois&#8221;<\/span><\/a><\/p>\n","protected":false},"author":1,"featured_media":0,"parent":0,"menu_order":0,"comment_status":"closed","ping_status":"closed","template":"","meta":{"_exactmetrics_skip_tracking":false,"_exactmetrics_sitenote_active":false,"_exactmetrics_sitenote_note":"","_exactmetrics_sitenote_category":0,"footnotes":""},"class_list":["post-633","page","type-page","status-publish","hentry"],"yoast_head":"<!-- This site is optimized with the Yoast SEO plugin v27.4 - https:\/\/yoast.com\/product\/yoast-seo-wordpress\/ -->\n<title>Massage Su\u00e9dois | Massoth\u00e9rapie | Rosemont, Montr\u00e9al<\/title>\n<meta name=\"description\" content=\"Massage su\u00e9dois dans Rosemont \u00e0 Montr\u00e9al. Man\u0153uvres appliqu\u00e9es sur les muscles et articulations. \u00c9limine les tensions et am\u00e9liore la circulation sanguine.\" \/>\n<meta name=\"robots\" content=\"index, follow, max-snippet:-1, max-image-preview:large, max-video-preview:-1\" \/>\n<link rel=\"canonical\" href=\"https:\/\/unpasverssoi.ca\/fr\/massage-suedois\/\" \/>\n<meta property=\"og:locale\" content=\"en_US\" \/>\n<meta property=\"og:type\" content=\"article\" \/>\n<meta property=\"og:title\" content=\"Massage Su\u00e9dois | Massoth\u00e9rapie | Rosemont, Montr\u00e9al\" \/>\n<meta property=\"og:description\" content=\"Massage su\u00e9dois dans Rosemont \u00e0 Montr\u00e9al. Man\u0153uvres appliqu\u00e9es sur les muscles et articulations. \u00c9limine les tensions et am\u00e9liore la circulation sanguine.\" \/>\n<meta property=\"og:url\" content=\"https:\/\/unpasverssoi.ca\/fr\/massage-suedois\/\" \/>\n<meta property=\"og:site_name\" content=\"Un pas vers Soi\" \/>\n<meta property=\"article:publisher\" content=\"https:\/\/www.facebook.com\/Un-pas-vers-Soi-359895390747566\/\" \/>\n<meta property=\"article:modified_time\" content=\"2025-07-08T15:27:42+00:00\" \/>\n<meta name=\"twitter:card\" content=\"summary_large_image\" \/>\n<meta name=\"twitter:label1\" content=\"Est. reading time\" \/>\n\t<meta name=\"twitter:data1\" content=\"1 minute\" \/>\n<script type=\"application\/ld+json\" class=\"yoast-schema-graph\">{\"@context\":\"https:\\\/\\\/schema.org\",\"@graph\":[{\"@type\":\"WebPage\",\"@id\":\"https:\\\/\\\/unpasverssoi.ca\\\/fr\\\/massage-suedois\\\/\",\"url\":\"https:\\\/\\\/unpasverssoi.ca\\\/fr\\\/massage-suedois\\\/\",\"name\":\"Massage Su\u00e9dois | Massoth\u00e9rapie | Rosemont, Montr\u00e9al\",\"isPartOf\":{\"@id\":\"https:\\\/\\\/unpasverssoi.ca\\\/fr\\\/#website\"},\"datePublished\":\"2017-05-09T23:33:04+00:00\",\"dateModified\":\"2025-07-08T15:27:42+00:00\",\"description\":\"Massage su\u00e9dois dans Rosemont \u00e0 Montr\u00e9al. Man\u0153uvres appliqu\u00e9es sur les muscles et articulations. \u00c9limine les tensions et am\u00e9liore la circulation sanguine.\",\"breadcrumb\":{\"@id\":\"https:\\\/\\\/unpasverssoi.ca\\\/fr\\\/massage-suedois\\\/#breadcrumb\"},\"inLanguage\":\"en-US\",\"potentialAction\":[{\"@type\":\"ReadAction\",\"target\":[\"https:\\\/\\\/unpasverssoi.ca\\\/fr\\\/massage-suedois\\\/\"]}]},{\"@type\":\"BreadcrumbList\",\"@id\":\"https:\\\/\\\/unpasverssoi.ca\\\/fr\\\/massage-suedois\\\/#breadcrumb\",\"itemListElement\":[{\"@type\":\"ListItem\",\"position\":1,\"name\":\"Accueil\",\"item\":\"https:\\\/\\\/unpasverssoi.ca\\\/fr\\\/\"},{\"@type\":\"ListItem\",\"position\":2,\"name\":\"Massage su\u00e9dois\"}]},{\"@type\":\"WebSite\",\"@id\":\"https:\\\/\\\/unpasverssoi.ca\\\/fr\\\/#website\",\"url\":\"https:\\\/\\\/unpasverssoi.ca\\\/fr\\\/\",\"name\":\"Un pas vers Soi\",\"description\":\"\",\"publisher\":{\"@id\":\"https:\\\/\\\/unpasverssoi.ca\\\/fr\\\/#organization\"},\"potentialAction\":[{\"@type\":\"SearchAction\",\"target\":{\"@type\":\"EntryPoint\",\"urlTemplate\":\"https:\\\/\\\/unpasverssoi.ca\\\/fr\\\/?s={search_term_string}\"},\"query-input\":{\"@type\":\"PropertyValueSpecification\",\"valueRequired\":true,\"valueName\":\"search_term_string\"}}],\"inLanguage\":\"en-US\"},{\"@type\":\"Organization\",\"@id\":\"https:\\\/\\\/unpasverssoi.ca\\\/fr\\\/#organization\",\"name\":\"Un pas vers Soi\",\"url\":\"https:\\\/\\\/unpasverssoi.ca\\\/fr\\\/\",\"logo\":{\"@type\":\"ImageObject\",\"inLanguage\":\"en-US\",\"@id\":\"https:\\\/\\\/unpasverssoi.ca\\\/fr\\\/#\\\/schema\\\/logo\\\/image\\\/\",\"url\":\"https:\\\/\\\/unpasverssoi.ca\\\/fr\\\/wp-content\\\/uploads\\\/2023\\\/07\\\/cropped-cropped-UN-PAS-VERS-SOI_DEUX-LIGNES-ICONE.png\",\"contentUrl\":\"https:\\\/\\\/unpasverssoi.ca\\\/fr\\\/wp-content\\\/uploads\\\/2023\\\/07\\\/cropped-cropped-UN-PAS-VERS-SOI_DEUX-LIGNES-ICONE.png\",\"width\":215,\"height\":250,\"caption\":\"Un pas vers Soi\"},\"image\":{\"@id\":\"https:\\\/\\\/unpasverssoi.ca\\\/fr\\\/#\\\/schema\\\/logo\\\/image\\\/\"},\"sameAs\":[\"https:\\\/\\\/www.facebook.com\\\/Un-pas-vers-Soi-359895390747566\\\/\",\"https:\\\/\\\/www.instagram.com\\\/unpasverssoi.centre\\\/\"]}]}<\/script>\n<!-- \/ Yoast SEO plugin. -->","yoast_head_json":{"title":"Massage Su\u00e9dois | Massoth\u00e9rapie | Rosemont, Montr\u00e9al","description":"Massage su\u00e9dois dans Rosemont \u00e0 Montr\u00e9al. Man\u0153uvres appliqu\u00e9es sur les muscles et articulations. \u00c9limine les tensions et am\u00e9liore la circulation sanguine.","robots":{"index":"index","follow":"follow","max-snippet":"max-snippet:-1","max-image-preview":"max-image-preview:large","max-video-preview":"max-video-preview:-1"},"canonical":"https:\/\/unpasverssoi.ca\/fr\/massage-suedois\/","og_locale":"en_US","og_type":"article","og_title":"Massage Su\u00e9dois | Massoth\u00e9rapie | Rosemont, Montr\u00e9al","og_description":"Massage su\u00e9dois dans Rosemont \u00e0 Montr\u00e9al. Man\u0153uvres appliqu\u00e9es sur les muscles et articulations. \u00c9limine les tensions et am\u00e9liore la circulation sanguine.","og_url":"https:\/\/unpasverssoi.ca\/fr\/massage-suedois\/","og_site_name":"Un pas vers Soi","article_publisher":"https:\/\/www.facebook.com\/Un-pas-vers-Soi-359895390747566\/","article_modified_time":"2025-07-08T15:27:42+00:00","twitter_card":"summary_large_image","twitter_misc":{"Est. reading time":"1 minute"},"schema":{"@context":"https:\/\/schema.org","@graph":[{"@type":"WebPage","@id":"https:\/\/unpasverssoi.ca\/fr\/massage-suedois\/","url":"https:\/\/unpasverssoi.ca\/fr\/massage-suedois\/","name":"Massage Su\u00e9dois | Massoth\u00e9rapie | Rosemont, Montr\u00e9al","isPartOf":{"@id":"https:\/\/unpasverssoi.ca\/fr\/#website"},"datePublished":"2017-05-09T23:33:04+00:00","dateModified":"2025-07-08T15:27:42+00:00","description":"Massage su\u00e9dois dans Rosemont \u00e0 Montr\u00e9al. Man\u0153uvres appliqu\u00e9es sur les muscles et articulations. \u00c9limine les tensions et am\u00e9liore la circulation sanguine.","breadcrumb":{"@id":"https:\/\/unpasverssoi.ca\/fr\/massage-suedois\/#breadcrumb"},"inLanguage":"en-US","potentialAction":[{"@type":"ReadAction","target":["https:\/\/unpasverssoi.ca\/fr\/massage-suedois\/"]}]},{"@type":"BreadcrumbList","@id":"https:\/\/unpasverssoi.ca\/fr\/massage-suedois\/#breadcrumb","itemListElement":[{"@type":"ListItem","position":1,"name":"Accueil","item":"https:\/\/unpasverssoi.ca\/fr\/"},{"@type":"ListItem","position":2,"name":"Massage su\u00e9dois"}]},{"@type":"WebSite","@id":"https:\/\/unpasverssoi.ca\/fr\/#website","url":"https:\/\/unpasverssoi.ca\/fr\/","name":"Un pas vers Soi","description":"","publisher":{"@id":"https:\/\/unpasverssoi.ca\/fr\/#organization"},"potentialAction":[{"@type":"SearchAction","target":{"@type":"EntryPoint","urlTemplate":"https:\/\/unpasverssoi.ca\/fr\/?s={search_term_string}"},"query-input":{"@type":"PropertyValueSpecification","valueRequired":true,"valueName":"search_term_string"}}],"inLanguage":"en-US"},{"@type":"Organization","@id":"https:\/\/unpasverssoi.ca\/fr\/#organization","name":"Un pas vers Soi","url":"https:\/\/unpasverssoi.ca\/fr\/","logo":{"@type":"ImageObject","inLanguage":"en-US","@id":"https:\/\/unpasverssoi.ca\/fr\/#\/schema\/logo\/image\/","url":"https:\/\/unpasverssoi.ca\/fr\/wp-content\/uploads\/2023\/07\/cropped-cropped-UN-PAS-VERS-SOI_DEUX-LIGNES-ICONE.png","contentUrl":"https:\/\/unpasverssoi.ca\/fr\/wp-content\/uploads\/2023\/07\/cropped-cropped-UN-PAS-VERS-SOI_DEUX-LIGNES-ICONE.png","width":215,"height":250,"caption":"Un pas vers Soi"},"image":{"@id":"https:\/\/unpasverssoi.ca\/fr\/#\/schema\/logo\/image\/"},"sameAs":["https:\/\/www.facebook.com\/Un-pas-vers-Soi-359895390747566\/","https:\/\/www.instagram.com\/unpasverssoi.centre\/"]}]}},"_links":{"self":[{"href":"https:\/\/unpasverssoi.ca\/fr\/wp-json\/wp\/v2\/pages\/633","targetHints":{"allow":["GET"]}}],"collection":[{"href":"https:\/\/unpasverssoi.ca\/fr\/wp-json\/wp\/v2\/pages"}],"about":[{"href":"https:\/\/unpasverssoi.ca\/fr\/wp-json\/wp\/v2\/types\/page"}],"author":[{"embeddable":true,"href":"https:\/\/unpasverssoi.ca\/fr\/wp-json\/wp\/v2\/users\/1"}],"replies":[{"embeddable":true,"href":"https:\/\/unpasverssoi.ca\/fr\/wp-json\/wp\/v2\/comments?post=633"}],"version-history":[{"count":16,"href":"https:\/\/unpasverssoi.ca\/fr\/wp-json\/wp\/v2\/pages\/633\/revisions"}],"predecessor-version":[{"id":8588,"href":"https:\/\/unpasverssoi.ca\/fr\/wp-json\/wp\/v2\/pages\/633\/revisions\/8588"}],"wp:attachment":[{"href":"https:\/\/unpasverssoi.ca\/fr\/wp-json\/wp\/v2\/media?parent=633"}],"curies":[{"name":"wp","href":"https:\/\/api.w.org\/{rel}","templated":true}]}}