{"id":6895,"date":"2022-03-31T14:36:42","date_gmt":"2022-03-31T14:36:42","guid":{"rendered":"https:\/\/unpasverssoi.ca\/fr\/?page_id=6895"},"modified":"2023-09-03T13:54:02","modified_gmt":"2023-09-03T13:54:02","slug":"carole-roy","status":"publish","type":"page","link":"https:\/\/unpasverssoi.ca\/fr\/carole-roy\/","title":{"rendered":"Carole Roy"},"content":{"rendered":"<h1 style=\"text-align: center;\"><span style=\"font-weight: 400;\">Carole Roy<\/span><\/h1>\n<p style=\"text-align: center;\"><em>professeure de yoga<\/em><\/p>\n<div dir=\"ltr\">\n<p class=\"x_s4\"><span class=\"x_s2\">Carole\u00a0<\/span><span class=\"x_s2\">Roy\u00a0<\/span><span class=\"x_s2\">est professeure de yoga et yoga th<\/span><span class=\"x_s2\">\u00e9<\/span><span class=\"x_s2\">rapeute certifi<\/span><span class=\"x_s2\">\u00e9<\/span><span class=\"x_s2\">e (500h) de la F<\/span><span class=\"x_s2\">\u00e9<\/span><span class=\"x_s2\">d<\/span><span class=\"x_s2\">\u00e9<\/span><span class=\"x_s2\">ration Francophone de Yoga.\u00a0<\/span><span class=\"x_s2\">E<\/span><span class=\"x_s2\">lle s<\/span><span class=\"x_s3\">\u2019<\/span><span class=\"x_s2\">est install<\/span><span class=\"x_s2\">\u00e9<\/span><span class=\"x_s2\">e au Qu<\/span><span class=\"x_s2\">\u00e9<\/span><span class=\"x_s2\">bec il y a\u00a0<\/span><span class=\"x_s2\">11<\/span><span class=\"x_s2\">\u00a0ans pour y r<\/span><span class=\"x_s2\">\u00e9<\/span><span class=\"x_s2\">inventer sa vie et y vivre de sa passion: le Yoga. Cette immigration\u00a0<\/span><span class=\"x_s2\">\u00e0\u00a0<\/span><span class=\"x_s2\">la mi chemin de sa vie a permis\u00a0<\/span><span class=\"x_s2\">\u00e0\u00a0<\/span><span class=\"x_s2\">ses valeurs humaines de s<\/span><span class=\"x_s3\">\u2019<\/span><span class=\"x_s2\">exprimer pleinement: vivre, aimer, apprendre et transmettre.<\/span><\/p>\n<p class=\"x_s4\"><span class=\"x_s2\">Carole est anim<\/span><span class=\"x_s2\">\u00e9<\/span><span class=\"x_s2\">e par une recherche constante sur la croissance personnelle des\u00a0<\/span><span class=\"x_s2\">\u00ea<\/span><span class=\"x_s2\">tres et fait preuve d<\/span><span class=\"x_s3\">\u2019<\/span><span class=\"x_s2\">un int<\/span><span class=\"x_s2\">\u00e9<\/span><span class=\"x_s2\">r<\/span><span class=\"x_s2\">\u00ea<\/span><span class=\"x_s2\">t profond pour le domaine de la sant<\/span><span class=\"x_s2\">\u00e9<\/span><span class=\"x_s2\">, sous tous ses aspects. Dans cet esprit, elle a approfondi ses connaissances en th<\/span><span class=\"x_s2\">\u00e9<\/span><span class=\"x_s2\">rapies, conditionnement physique, neurosciences, nutrition, etc. afin de promouvoir une philosophie positive du respect de son corps et d<\/span><span class=\"x_s3\">\u2019<\/span><span class=\"x_s2\">une sant<\/span><span class=\"x_s2\">\u00e9\u00a0<\/span><span class=\"x_s2\">globale selon un mode de vie sain.<\/span><\/p>\n<div>\n<p><img loading=\"lazy\" decoding=\"async\" class=\"aligncenter wp-image-6898 \" src=\"http:\/\/unpasverssoi.ca\/fr\/wp-content\/uploads\/2022\/03\/CaroleRoy-col-757x712-1-300x203.jpg\" alt=\"\" width=\"476\" height=\"322\" srcset=\"https:\/\/unpasverssoi.ca\/fr\/wp-content\/uploads\/2022\/03\/CaroleRoy-col-757x712-1-300x203.jpg 300w, https:\/\/unpasverssoi.ca\/fr\/wp-content\/uploads\/2022\/03\/CaroleRoy-col-757x712-1.jpg 757w\" sizes=\"auto, (max-width: 476px) 100vw, 476px\" \/><\/p>\n<p style=\"text-align: center;\"><a class=\"maxbutton-56 maxbutton maxbutton-reserver-un-cours-studio\" href=\"https:\/\/unpasverssoi.fliipapp.com\/\"><span class='mb-text'>R\u00e9server un cours - Studio<\/span><\/a><\/p>\n<\/div>\n<\/div>\n","protected":false},"excerpt":{"rendered":"<p>Carole Roy professeure de yoga Carole\u00a0Roy\u00a0est professeure de yoga et yoga th\u00e9rapeute certifi\u00e9e (500h) de la F\u00e9d\u00e9ration Francophone de Yoga.\u00a0Elle s\u2019est install\u00e9e au Qu\u00e9bec il y a\u00a011\u00a0ans pour y r\u00e9inventer sa vie et y vivre de sa passion: le Yoga. Cette immigration\u00a0\u00e0\u00a0la mi chemin de sa vie a permis\u00a0\u00e0\u00a0ses valeurs humaines de s\u2019exprimer pleinement: vivre, &hellip; <\/p>\n<p class=\"link-more\"><a href=\"https:\/\/unpasverssoi.ca\/fr\/carole-roy\/\" class=\"more-link\">Continue reading<span class=\"screen-reader-text\"> &#8220;Carole Roy&#8221;<\/span><\/a><\/p>\n","protected":false},"author":1,"featured_media":0,"parent":0,"menu_order":0,"comment_status":"closed","ping_status":"closed","template":"","meta":{"_exactmetrics_skip_tracking":false,"_exactmetrics_sitenote_active":false,"_exactmetrics_sitenote_note":"","_exactmetrics_sitenote_category":0,"footnotes":""},"class_list":["post-6895","page","type-page","status-publish","hentry"],"yoast_head":"<!-- This site is optimized with the Yoast SEO plugin v27.4 - https:\/\/yoast.com\/product\/yoast-seo-wordpress\/ -->\n<title>Carole Roy - Un pas vers Soi<\/title>\n<meta name=\"robots\" content=\"index, follow, max-snippet:-1, max-image-preview:large, max-video-preview:-1\" \/>\n<link rel=\"canonical\" href=\"http:\/\/unpasverssoi.ca\/fr\/carole-roy\/\" \/>\n<meta property=\"og:locale\" content=\"en_US\" \/>\n<meta property=\"og:type\" content=\"article\" \/>\n<meta property=\"og:title\" content=\"Carole Roy - Un pas vers Soi\" \/>\n<meta property=\"og:description\" content=\"Carole Roy professeure de yoga Carole\u00a0Roy\u00a0est professeure de yoga et yoga th\u00e9rapeute certifi\u00e9e (500h) de la F\u00e9d\u00e9ration Francophone de Yoga.\u00a0Elle s\u2019est install\u00e9e au Qu\u00e9bec il y a\u00a011\u00a0ans pour y r\u00e9inventer sa vie et y vivre de sa passion: le Yoga. Cette immigration\u00a0\u00e0\u00a0la mi chemin de sa vie a permis\u00a0\u00e0\u00a0ses valeurs humaines de s\u2019exprimer pleinement: vivre, &hellip; Continue reading &quot;Carole Roy&quot;\" \/>\n<meta property=\"og:url\" content=\"http:\/\/unpasverssoi.ca\/fr\/carole-roy\/\" \/>\n<meta property=\"og:site_name\" content=\"Un pas vers Soi\" \/>\n<meta property=\"article:publisher\" content=\"https:\/\/www.facebook.com\/Un-pas-vers-Soi-359895390747566\/\" \/>\n<meta property=\"article:modified_time\" content=\"2023-09-03T13:54:02+00:00\" \/>\n<meta property=\"og:image\" content=\"http:\/\/unpasverssoi.ca\/fr\/wp-content\/uploads\/2022\/03\/CaroleRoy-col-757x712-1-300x203.jpg\" \/>\n<meta name=\"twitter:card\" content=\"summary_large_image\" \/>\n<meta name=\"twitter:label1\" content=\"Est. reading time\" \/>\n\t<meta name=\"twitter:data1\" content=\"1 minute\" \/>\n<script type=\"application\/ld+json\" class=\"yoast-schema-graph\">{\"@context\":\"https:\\\/\\\/schema.org\",\"@graph\":[{\"@type\":\"WebPage\",\"@id\":\"http:\\\/\\\/unpasverssoi.ca\\\/fr\\\/carole-roy\\\/\",\"url\":\"http:\\\/\\\/unpasverssoi.ca\\\/fr\\\/carole-roy\\\/\",\"name\":\"Carole Roy - Un pas vers Soi\",\"isPartOf\":{\"@id\":\"https:\\\/\\\/unpasverssoi.ca\\\/fr\\\/#website\"},\"primaryImageOfPage\":{\"@id\":\"http:\\\/\\\/unpasverssoi.ca\\\/fr\\\/carole-roy\\\/#primaryimage\"},\"image\":{\"@id\":\"http:\\\/\\\/unpasverssoi.ca\\\/fr\\\/carole-roy\\\/#primaryimage\"},\"thumbnailUrl\":\"http:\\\/\\\/unpasverssoi.ca\\\/fr\\\/wp-content\\\/uploads\\\/2022\\\/03\\\/CaroleRoy-col-757x712-1-300x203.jpg\",\"datePublished\":\"2022-03-31T14:36:42+00:00\",\"dateModified\":\"2023-09-03T13:54:02+00:00\",\"breadcrumb\":{\"@id\":\"http:\\\/\\\/unpasverssoi.ca\\\/fr\\\/carole-roy\\\/#breadcrumb\"},\"inLanguage\":\"en-US\",\"potentialAction\":[{\"@type\":\"ReadAction\",\"target\":[\"http:\\\/\\\/unpasverssoi.ca\\\/fr\\\/carole-roy\\\/\"]}]},{\"@type\":\"ImageObject\",\"inLanguage\":\"en-US\",\"@id\":\"http:\\\/\\\/unpasverssoi.ca\\\/fr\\\/carole-roy\\\/#primaryimage\",\"url\":\"https:\\\/\\\/unpasverssoi.ca\\\/fr\\\/wp-content\\\/uploads\\\/2022\\\/03\\\/CaroleRoy-col-757x712-1.jpg\",\"contentUrl\":\"https:\\\/\\\/unpasverssoi.ca\\\/fr\\\/wp-content\\\/uploads\\\/2022\\\/03\\\/CaroleRoy-col-757x712-1.jpg\",\"width\":757,\"height\":513},{\"@type\":\"BreadcrumbList\",\"@id\":\"http:\\\/\\\/unpasverssoi.ca\\\/fr\\\/carole-roy\\\/#breadcrumb\",\"itemListElement\":[{\"@type\":\"ListItem\",\"position\":1,\"name\":\"Accueil\",\"item\":\"https:\\\/\\\/unpasverssoi.ca\\\/fr\\\/\"},{\"@type\":\"ListItem\",\"position\":2,\"name\":\"Carole Roy\"}]},{\"@type\":\"WebSite\",\"@id\":\"https:\\\/\\\/unpasverssoi.ca\\\/fr\\\/#website\",\"url\":\"https:\\\/\\\/unpasverssoi.ca\\\/fr\\\/\",\"name\":\"Un pas vers Soi\",\"description\":\"\",\"publisher\":{\"@id\":\"https:\\\/\\\/unpasverssoi.ca\\\/fr\\\/#organization\"},\"potentialAction\":[{\"@type\":\"SearchAction\",\"target\":{\"@type\":\"EntryPoint\",\"urlTemplate\":\"https:\\\/\\\/unpasverssoi.ca\\\/fr\\\/?s={search_term_string}\"},\"query-input\":{\"@type\":\"PropertyValueSpecification\",\"valueRequired\":true,\"valueName\":\"search_term_string\"}}],\"inLanguage\":\"en-US\"},{\"@type\":\"Organization\",\"@id\":\"https:\\\/\\\/unpasverssoi.ca\\\/fr\\\/#organization\",\"name\":\"Un pas vers Soi\",\"url\":\"https:\\\/\\\/unpasverssoi.ca\\\/fr\\\/\",\"logo\":{\"@type\":\"ImageObject\",\"inLanguage\":\"en-US\",\"@id\":\"https:\\\/\\\/unpasverssoi.ca\\\/fr\\\/#\\\/schema\\\/logo\\\/image\\\/\",\"url\":\"https:\\\/\\\/unpasverssoi.ca\\\/fr\\\/wp-content\\\/uploads\\\/2023\\\/07\\\/cropped-cropped-UN-PAS-VERS-SOI_DEUX-LIGNES-ICONE.png\",\"contentUrl\":\"https:\\\/\\\/unpasverssoi.ca\\\/fr\\\/wp-content\\\/uploads\\\/2023\\\/07\\\/cropped-cropped-UN-PAS-VERS-SOI_DEUX-LIGNES-ICONE.png\",\"width\":215,\"height\":250,\"caption\":\"Un pas vers Soi\"},\"image\":{\"@id\":\"https:\\\/\\\/unpasverssoi.ca\\\/fr\\\/#\\\/schema\\\/logo\\\/image\\\/\"},\"sameAs\":[\"https:\\\/\\\/www.facebook.com\\\/Un-pas-vers-Soi-359895390747566\\\/\",\"https:\\\/\\\/www.instagram.com\\\/unpasverssoi.centre\\\/\"]}]}<\/script>\n<!-- \/ Yoast SEO plugin. -->","yoast_head_json":{"title":"Carole Roy - Un pas vers Soi","robots":{"index":"index","follow":"follow","max-snippet":"max-snippet:-1","max-image-preview":"max-image-preview:large","max-video-preview":"max-video-preview:-1"},"canonical":"http:\/\/unpasverssoi.ca\/fr\/carole-roy\/","og_locale":"en_US","og_type":"article","og_title":"Carole Roy - Un pas vers Soi","og_description":"Carole Roy professeure de yoga Carole\u00a0Roy\u00a0est professeure de yoga et yoga th\u00e9rapeute certifi\u00e9e (500h) de la F\u00e9d\u00e9ration Francophone de Yoga.\u00a0Elle s\u2019est install\u00e9e au Qu\u00e9bec il y a\u00a011\u00a0ans pour y r\u00e9inventer sa vie et y vivre de sa passion: le Yoga. Cette immigration\u00a0\u00e0\u00a0la mi chemin de sa vie a permis\u00a0\u00e0\u00a0ses valeurs humaines de s\u2019exprimer pleinement: vivre, &hellip; Continue reading \"Carole Roy\"","og_url":"http:\/\/unpasverssoi.ca\/fr\/carole-roy\/","og_site_name":"Un pas vers Soi","article_publisher":"https:\/\/www.facebook.com\/Un-pas-vers-Soi-359895390747566\/","article_modified_time":"2023-09-03T13:54:02+00:00","og_image":[{"url":"http:\/\/unpasverssoi.ca\/fr\/wp-content\/uploads\/2022\/03\/CaroleRoy-col-757x712-1-300x203.jpg","type":"","width":"","height":""}],"twitter_card":"summary_large_image","twitter_misc":{"Est. reading time":"1 minute"},"schema":{"@context":"https:\/\/schema.org","@graph":[{"@type":"WebPage","@id":"http:\/\/unpasverssoi.ca\/fr\/carole-roy\/","url":"http:\/\/unpasverssoi.ca\/fr\/carole-roy\/","name":"Carole Roy - Un pas vers Soi","isPartOf":{"@id":"https:\/\/unpasverssoi.ca\/fr\/#website"},"primaryImageOfPage":{"@id":"http:\/\/unpasverssoi.ca\/fr\/carole-roy\/#primaryimage"},"image":{"@id":"http:\/\/unpasverssoi.ca\/fr\/carole-roy\/#primaryimage"},"thumbnailUrl":"http:\/\/unpasverssoi.ca\/fr\/wp-content\/uploads\/2022\/03\/CaroleRoy-col-757x712-1-300x203.jpg","datePublished":"2022-03-31T14:36:42+00:00","dateModified":"2023-09-03T13:54:02+00:00","breadcrumb":{"@id":"http:\/\/unpasverssoi.ca\/fr\/carole-roy\/#breadcrumb"},"inLanguage":"en-US","potentialAction":[{"@type":"ReadAction","target":["http:\/\/unpasverssoi.ca\/fr\/carole-roy\/"]}]},{"@type":"ImageObject","inLanguage":"en-US","@id":"http:\/\/unpasverssoi.ca\/fr\/carole-roy\/#primaryimage","url":"https:\/\/unpasverssoi.ca\/fr\/wp-content\/uploads\/2022\/03\/CaroleRoy-col-757x712-1.jpg","contentUrl":"https:\/\/unpasverssoi.ca\/fr\/wp-content\/uploads\/2022\/03\/CaroleRoy-col-757x712-1.jpg","width":757,"height":513},{"@type":"BreadcrumbList","@id":"http:\/\/unpasverssoi.ca\/fr\/carole-roy\/#breadcrumb","itemListElement":[{"@type":"ListItem","position":1,"name":"Accueil","item":"https:\/\/unpasverssoi.ca\/fr\/"},{"@type":"ListItem","position":2,"name":"Carole Roy"}]},{"@type":"WebSite","@id":"https:\/\/unpasverssoi.ca\/fr\/#website","url":"https:\/\/unpasverssoi.ca\/fr\/","name":"Un pas vers Soi","description":"","publisher":{"@id":"https:\/\/unpasverssoi.ca\/fr\/#organization"},"potentialAction":[{"@type":"SearchAction","target":{"@type":"EntryPoint","urlTemplate":"https:\/\/unpasverssoi.ca\/fr\/?s={search_term_string}"},"query-input":{"@type":"PropertyValueSpecification","valueRequired":true,"valueName":"search_term_string"}}],"inLanguage":"en-US"},{"@type":"Organization","@id":"https:\/\/unpasverssoi.ca\/fr\/#organization","name":"Un pas vers Soi","url":"https:\/\/unpasverssoi.ca\/fr\/","logo":{"@type":"ImageObject","inLanguage":"en-US","@id":"https:\/\/unpasverssoi.ca\/fr\/#\/schema\/logo\/image\/","url":"https:\/\/unpasverssoi.ca\/fr\/wp-content\/uploads\/2023\/07\/cropped-cropped-UN-PAS-VERS-SOI_DEUX-LIGNES-ICONE.png","contentUrl":"https:\/\/unpasverssoi.ca\/fr\/wp-content\/uploads\/2023\/07\/cropped-cropped-UN-PAS-VERS-SOI_DEUX-LIGNES-ICONE.png","width":215,"height":250,"caption":"Un pas vers Soi"},"image":{"@id":"https:\/\/unpasverssoi.ca\/fr\/#\/schema\/logo\/image\/"},"sameAs":["https:\/\/www.facebook.com\/Un-pas-vers-Soi-359895390747566\/","https:\/\/www.instagram.com\/unpasverssoi.centre\/"]}]}},"_links":{"self":[{"href":"https:\/\/unpasverssoi.ca\/fr\/wp-json\/wp\/v2\/pages\/6895","targetHints":{"allow":["GET"]}}],"collection":[{"href":"https:\/\/unpasverssoi.ca\/fr\/wp-json\/wp\/v2\/pages"}],"about":[{"href":"https:\/\/unpasverssoi.ca\/fr\/wp-json\/wp\/v2\/types\/page"}],"author":[{"embeddable":true,"href":"https:\/\/unpasverssoi.ca\/fr\/wp-json\/wp\/v2\/users\/1"}],"replies":[{"embeddable":true,"href":"https:\/\/unpasverssoi.ca\/fr\/wp-json\/wp\/v2\/comments?post=6895"}],"version-history":[{"count":4,"href":"https:\/\/unpasverssoi.ca\/fr\/wp-json\/wp\/v2\/pages\/6895\/revisions"}],"predecessor-version":[{"id":7737,"href":"https:\/\/unpasverssoi.ca\/fr\/wp-json\/wp\/v2\/pages\/6895\/revisions\/7737"}],"wp:attachment":[{"href":"https:\/\/unpasverssoi.ca\/fr\/wp-json\/wp\/v2\/media?parent=6895"}],"curies":[{"name":"wp","href":"https:\/\/api.w.org\/{rel}","templated":true}]}}