{"id":7023,"date":"2022-10-27T23:12:00","date_gmt":"2022-10-27T23:12:00","guid":{"rendered":"https:\/\/unpasverssoi.ca\/fr\/?page_id=7023"},"modified":"2023-09-27T00:12:51","modified_gmt":"2023-09-27T00:12:51","slug":"tarifs-et-politiques-2-2","status":"publish","type":"page","link":"https:\/\/unpasverssoi.ca\/fr\/tarifs-et-politiques-2-2\/","title":{"rendered":"Tarifs et politiques ost\u00e9opathie"},"content":{"rendered":"<h1 style=\"text-align: center;\">Informations et tarifs<\/h1>\n<\/p>\n\n\n<\/p>\n<p class=\"has-text-align-center\">L&#8217;ost\u00e9opathie est une approche th\u00e9rapeutique manuelle et globale qui vise \u00e0 r\u00e9tablir l&#8217;\u00e9quilibre et la sant\u00e9 du corps en tenant compte de l&#8217;interconnexion entre les diff\u00e9rentes structures anatomiques et syst\u00e8mes du corps humain. Fond\u00e9 sur des principes scientifiques, l&#8217;ost\u00e9opathie consid\u00e8re que le corps a une capacit\u00e9 intrins\u00e8que \u00e0 s&#8217;autor\u00e9guler et \u00e0 se gu\u00e9rir.<\/p>\n<p>\n\n\n\n<\/p>\n<p class=\"has-text-align-center\">Pouvant traiter la douleur et les inconforts, et aidant \u00e0 la pr\u00e9vention, l&#8217;ost\u00e9opathie utilise les techniques manuelles pr\u00e9cises et douces pour soulager les sympt\u00f4mes, corriger les d\u00e9s\u00e9quilibres et optimiser la fonction du corps. Gr\u00e2ce \u00e0 cette approche holistique, l&#8217;ost\u00e9opathie offre une solution naturelle pour pr\u00e9venir et retrouver une meilleur qualit\u00e9 de vie et sant\u00e9 optimale \u00e0 long terme.<\/p>\n<p>\n\n\n<p>\u00a0<\/p>\n<p class=\"p1\"><span class=\"s1\"><strong>Prix d\u2019une s\u00e9ance<\/strong><br \/>120$ taxes incluses<\/span><\/p>\n<p class=\"p1\"><span class=\"s1\"><strong>\u00c0 noter<\/strong><br \/>Le tarif est le m\u00eame pour la premi\u00e8re rencontre.<\/span><\/p>\n<p style=\"text-align: center;\"><a class=\"maxbutton-66 maxbutton maxbutton-prendre-rendez-vous-osteopathie\" target=\"_blank\" rel=\"noopener\" href=\"https:\/\/www.gorendezvous.com\/cliniqueunpasverssoi\"><span class='mb-text'>Prendre rendez-vous - ost\u00e9opathie<\/span><\/a><\/p>\n<h1 style=\"text-align: center;\">Politiques d&#8217;annulation de rendez-vous<\/h1>\n<hr \/>\n<p class=\"p1\"><span class=\"s1\"> Nous demandons un avis de 24 heures lorsque vous d\u00e9sirez annuler ou reporter un rendez-vous pour un traitement en ost\u00e9opathie. Les frais du traitement vous seront factur\u00e9s lorsque le d\u00e9lai n\u2019est pas respect\u00e9. \u00a0Nous vous remercions de votre compr\u00e9hension et de votre collaboration au bon fonctionnement de la clinique.<\/span><\/p>\n\n\n<p><\/p>\n","protected":false},"excerpt":{"rendered":"<p>Informations et tarifs L&#8217;ost\u00e9opathie est une approche th\u00e9rapeutique manuelle et globale qui vise \u00e0 r\u00e9tablir l&#8217;\u00e9quilibre et la sant\u00e9 du corps en tenant compte de l&#8217;interconnexion entre les diff\u00e9rentes structures anatomiques et syst\u00e8mes du corps humain. Fond\u00e9 sur des principes scientifiques, l&#8217;ost\u00e9opathie consid\u00e8re que le corps a une capacit\u00e9 intrins\u00e8que \u00e0 s&#8217;autor\u00e9guler et \u00e0 se &hellip; <\/p>\n<p class=\"link-more\"><a href=\"https:\/\/unpasverssoi.ca\/fr\/tarifs-et-politiques-2-2\/\" class=\"more-link\">Continue reading<span class=\"screen-reader-text\"> &#8220;Tarifs et politiques ost\u00e9opathie&#8221;<\/span><\/a><\/p>\n","protected":false},"author":1,"featured_media":0,"parent":0,"menu_order":0,"comment_status":"closed","ping_status":"closed","template":"","meta":{"_exactmetrics_skip_tracking":false,"_exactmetrics_sitenote_active":false,"_exactmetrics_sitenote_note":"","_exactmetrics_sitenote_category":0,"footnotes":""},"class_list":["post-7023","page","type-page","status-publish","hentry"],"yoast_head":"<!-- This site is optimized with the Yoast SEO plugin v27.5 - https:\/\/yoast.com\/product\/yoast-seo-wordpress\/ -->\n<title>Tarifs et politiques ost\u00e9opathie - Un pas vers Soi<\/title>\n<meta name=\"robots\" content=\"index, follow, max-snippet:-1, max-image-preview:large, max-video-preview:-1\" \/>\n<link rel=\"canonical\" href=\"https:\/\/unpasverssoi.ca\/fr\/tarifs-et-politiques-2-2\/\" \/>\n<meta property=\"og:locale\" content=\"en_US\" \/>\n<meta property=\"og:type\" content=\"article\" \/>\n<meta property=\"og:title\" content=\"Tarifs et politiques ost\u00e9opathie - Un pas vers Soi\" \/>\n<meta property=\"og:description\" content=\"Informations et tarifs L&#8217;ost\u00e9opathie est une approche th\u00e9rapeutique manuelle et globale qui vise \u00e0 r\u00e9tablir l&#8217;\u00e9quilibre et la sant\u00e9 du corps en tenant compte de l&#8217;interconnexion entre les diff\u00e9rentes structures anatomiques et syst\u00e8mes du corps humain. Fond\u00e9 sur des principes scientifiques, l&#8217;ost\u00e9opathie consid\u00e8re que le corps a une capacit\u00e9 intrins\u00e8que \u00e0 s&#8217;autor\u00e9guler et \u00e0 se &hellip; Continue reading &quot;Tarifs et politiques ost\u00e9opathie&quot;\" \/>\n<meta property=\"og:url\" content=\"https:\/\/unpasverssoi.ca\/fr\/tarifs-et-politiques-2-2\/\" \/>\n<meta property=\"og:site_name\" content=\"Un pas vers Soi\" \/>\n<meta property=\"article:publisher\" content=\"https:\/\/www.facebook.com\/Un-pas-vers-Soi-359895390747566\/\" \/>\n<meta property=\"article:modified_time\" content=\"2023-09-27T00:12:51+00:00\" \/>\n<meta name=\"twitter:card\" content=\"summary_large_image\" \/>\n<meta name=\"twitter:label1\" content=\"Est. reading time\" \/>\n\t<meta name=\"twitter:data1\" content=\"1 minute\" \/>\n<script type=\"application\/ld+json\" class=\"yoast-schema-graph\">{\"@context\":\"https:\\\/\\\/schema.org\",\"@graph\":[{\"@type\":\"WebPage\",\"@id\":\"https:\\\/\\\/unpasverssoi.ca\\\/fr\\\/tarifs-et-politiques-2-2\\\/\",\"url\":\"https:\\\/\\\/unpasverssoi.ca\\\/fr\\\/tarifs-et-politiques-2-2\\\/\",\"name\":\"Tarifs et politiques ost\u00e9opathie - Un pas vers Soi\",\"isPartOf\":{\"@id\":\"https:\\\/\\\/unpasverssoi.ca\\\/fr\\\/#website\"},\"datePublished\":\"2022-10-27T23:12:00+00:00\",\"dateModified\":\"2023-09-27T00:12:51+00:00\",\"breadcrumb\":{\"@id\":\"https:\\\/\\\/unpasverssoi.ca\\\/fr\\\/tarifs-et-politiques-2-2\\\/#breadcrumb\"},\"inLanguage\":\"en-US\",\"potentialAction\":[{\"@type\":\"ReadAction\",\"target\":[\"https:\\\/\\\/unpasverssoi.ca\\\/fr\\\/tarifs-et-politiques-2-2\\\/\"]}]},{\"@type\":\"BreadcrumbList\",\"@id\":\"https:\\\/\\\/unpasverssoi.ca\\\/fr\\\/tarifs-et-politiques-2-2\\\/#breadcrumb\",\"itemListElement\":[{\"@type\":\"ListItem\",\"position\":1,\"name\":\"Accueil\",\"item\":\"https:\\\/\\\/unpasverssoi.ca\\\/fr\\\/\"},{\"@type\":\"ListItem\",\"position\":2,\"name\":\"Tarifs et politiques ost\u00e9opathie\"}]},{\"@type\":\"WebSite\",\"@id\":\"https:\\\/\\\/unpasverssoi.ca\\\/fr\\\/#website\",\"url\":\"https:\\\/\\\/unpasverssoi.ca\\\/fr\\\/\",\"name\":\"Un pas vers Soi\",\"description\":\"\",\"publisher\":{\"@id\":\"https:\\\/\\\/unpasverssoi.ca\\\/fr\\\/#organization\"},\"potentialAction\":[{\"@type\":\"SearchAction\",\"target\":{\"@type\":\"EntryPoint\",\"urlTemplate\":\"https:\\\/\\\/unpasverssoi.ca\\\/fr\\\/?s={search_term_string}\"},\"query-input\":{\"@type\":\"PropertyValueSpecification\",\"valueRequired\":true,\"valueName\":\"search_term_string\"}}],\"inLanguage\":\"en-US\"},{\"@type\":\"Organization\",\"@id\":\"https:\\\/\\\/unpasverssoi.ca\\\/fr\\\/#organization\",\"name\":\"Un pas vers Soi\",\"url\":\"https:\\\/\\\/unpasverssoi.ca\\\/fr\\\/\",\"logo\":{\"@type\":\"ImageObject\",\"inLanguage\":\"en-US\",\"@id\":\"https:\\\/\\\/unpasverssoi.ca\\\/fr\\\/#\\\/schema\\\/logo\\\/image\\\/\",\"url\":\"https:\\\/\\\/unpasverssoi.ca\\\/fr\\\/wp-content\\\/uploads\\\/2023\\\/07\\\/cropped-cropped-UN-PAS-VERS-SOI_DEUX-LIGNES-ICONE.png\",\"contentUrl\":\"https:\\\/\\\/unpasverssoi.ca\\\/fr\\\/wp-content\\\/uploads\\\/2023\\\/07\\\/cropped-cropped-UN-PAS-VERS-SOI_DEUX-LIGNES-ICONE.png\",\"width\":215,\"height\":250,\"caption\":\"Un pas vers Soi\"},\"image\":{\"@id\":\"https:\\\/\\\/unpasverssoi.ca\\\/fr\\\/#\\\/schema\\\/logo\\\/image\\\/\"},\"sameAs\":[\"https:\\\/\\\/www.facebook.com\\\/Un-pas-vers-Soi-359895390747566\\\/\",\"https:\\\/\\\/www.instagram.com\\\/unpasverssoi.centre\\\/\"]}]}<\/script>\n<!-- \/ Yoast SEO plugin. -->","yoast_head_json":{"title":"Tarifs et politiques ost\u00e9opathie - Un pas vers Soi","robots":{"index":"index","follow":"follow","max-snippet":"max-snippet:-1","max-image-preview":"max-image-preview:large","max-video-preview":"max-video-preview:-1"},"canonical":"https:\/\/unpasverssoi.ca\/fr\/tarifs-et-politiques-2-2\/","og_locale":"en_US","og_type":"article","og_title":"Tarifs et politiques ost\u00e9opathie - Un pas vers Soi","og_description":"Informations et tarifs L&#8217;ost\u00e9opathie est une approche th\u00e9rapeutique manuelle et globale qui vise \u00e0 r\u00e9tablir l&#8217;\u00e9quilibre et la sant\u00e9 du corps en tenant compte de l&#8217;interconnexion entre les diff\u00e9rentes structures anatomiques et syst\u00e8mes du corps humain. Fond\u00e9 sur des principes scientifiques, l&#8217;ost\u00e9opathie consid\u00e8re que le corps a une capacit\u00e9 intrins\u00e8que \u00e0 s&#8217;autor\u00e9guler et \u00e0 se &hellip; Continue reading \"Tarifs et politiques ost\u00e9opathie\"","og_url":"https:\/\/unpasverssoi.ca\/fr\/tarifs-et-politiques-2-2\/","og_site_name":"Un pas vers Soi","article_publisher":"https:\/\/www.facebook.com\/Un-pas-vers-Soi-359895390747566\/","article_modified_time":"2023-09-27T00:12:51+00:00","twitter_card":"summary_large_image","twitter_misc":{"Est. reading time":"1 minute"},"schema":{"@context":"https:\/\/schema.org","@graph":[{"@type":"WebPage","@id":"https:\/\/unpasverssoi.ca\/fr\/tarifs-et-politiques-2-2\/","url":"https:\/\/unpasverssoi.ca\/fr\/tarifs-et-politiques-2-2\/","name":"Tarifs et politiques ost\u00e9opathie - Un pas vers Soi","isPartOf":{"@id":"https:\/\/unpasverssoi.ca\/fr\/#website"},"datePublished":"2022-10-27T23:12:00+00:00","dateModified":"2023-09-27T00:12:51+00:00","breadcrumb":{"@id":"https:\/\/unpasverssoi.ca\/fr\/tarifs-et-politiques-2-2\/#breadcrumb"},"inLanguage":"en-US","potentialAction":[{"@type":"ReadAction","target":["https:\/\/unpasverssoi.ca\/fr\/tarifs-et-politiques-2-2\/"]}]},{"@type":"BreadcrumbList","@id":"https:\/\/unpasverssoi.ca\/fr\/tarifs-et-politiques-2-2\/#breadcrumb","itemListElement":[{"@type":"ListItem","position":1,"name":"Accueil","item":"https:\/\/unpasverssoi.ca\/fr\/"},{"@type":"ListItem","position":2,"name":"Tarifs et politiques ost\u00e9opathie"}]},{"@type":"WebSite","@id":"https:\/\/unpasverssoi.ca\/fr\/#website","url":"https:\/\/unpasverssoi.ca\/fr\/","name":"Un pas vers Soi","description":"","publisher":{"@id":"https:\/\/unpasverssoi.ca\/fr\/#organization"},"potentialAction":[{"@type":"SearchAction","target":{"@type":"EntryPoint","urlTemplate":"https:\/\/unpasverssoi.ca\/fr\/?s={search_term_string}"},"query-input":{"@type":"PropertyValueSpecification","valueRequired":true,"valueName":"search_term_string"}}],"inLanguage":"en-US"},{"@type":"Organization","@id":"https:\/\/unpasverssoi.ca\/fr\/#organization","name":"Un pas vers Soi","url":"https:\/\/unpasverssoi.ca\/fr\/","logo":{"@type":"ImageObject","inLanguage":"en-US","@id":"https:\/\/unpasverssoi.ca\/fr\/#\/schema\/logo\/image\/","url":"https:\/\/unpasverssoi.ca\/fr\/wp-content\/uploads\/2023\/07\/cropped-cropped-UN-PAS-VERS-SOI_DEUX-LIGNES-ICONE.png","contentUrl":"https:\/\/unpasverssoi.ca\/fr\/wp-content\/uploads\/2023\/07\/cropped-cropped-UN-PAS-VERS-SOI_DEUX-LIGNES-ICONE.png","width":215,"height":250,"caption":"Un pas vers Soi"},"image":{"@id":"https:\/\/unpasverssoi.ca\/fr\/#\/schema\/logo\/image\/"},"sameAs":["https:\/\/www.facebook.com\/Un-pas-vers-Soi-359895390747566\/","https:\/\/www.instagram.com\/unpasverssoi.centre\/"]}]}},"_links":{"self":[{"href":"https:\/\/unpasverssoi.ca\/fr\/wp-json\/wp\/v2\/pages\/7023","targetHints":{"allow":["GET"]}}],"collection":[{"href":"https:\/\/unpasverssoi.ca\/fr\/wp-json\/wp\/v2\/pages"}],"about":[{"href":"https:\/\/unpasverssoi.ca\/fr\/wp-json\/wp\/v2\/types\/page"}],"author":[{"embeddable":true,"href":"https:\/\/unpasverssoi.ca\/fr\/wp-json\/wp\/v2\/users\/1"}],"replies":[{"embeddable":true,"href":"https:\/\/unpasverssoi.ca\/fr\/wp-json\/wp\/v2\/comments?post=7023"}],"version-history":[{"count":18,"href":"https:\/\/unpasverssoi.ca\/fr\/wp-json\/wp\/v2\/pages\/7023\/revisions"}],"predecessor-version":[{"id":7926,"href":"https:\/\/unpasverssoi.ca\/fr\/wp-json\/wp\/v2\/pages\/7023\/revisions\/7926"}],"wp:attachment":[{"href":"https:\/\/unpasverssoi.ca\/fr\/wp-json\/wp\/v2\/media?parent=7023"}],"curies":[{"name":"wp","href":"https:\/\/api.w.org\/{rel}","templated":true}]}}